{"id":2384,"date":"2020-11-03T20:11:08","date_gmt":"2020-11-03T19:11:08","guid":{"rendered":"https:\/\/susananavaridas.es\/?page_id=2384"},"modified":"2022-08-02T07:37:05","modified_gmt":"2022-08-02T06:37:05","slug":"ojo","status":"publish","type":"page","link":"https:\/\/susananavaridas.es\/?page_id=2384","title":{"rendered":"Ojo, Pecado"},"content":{"rendered":"\t\t<div data-elementor-type=\"wp-page\" data-elementor-id=\"2384\" class=\"elementor elementor-2384\">\n\t\t\t\t\t\t<section class=\"elementor-section elementor-top-section elementor-element elementor-element-f00e399 elementor-section-boxed elementor-section-height-default elementor-section-height-default\" data-id=\"f00e399\" data-element_type=\"section\">\n\t\t\t\t\t\t<div class=\"elementor-container elementor-column-gap-default\">\n\t\t\t\t\t<div class=\"elementor-column elementor-col-100 elementor-top-column elementor-element elementor-element-35df69d1\" data-id=\"35df69d1\" data-element_type=\"column\">\n\t\t\t<div class=\"elementor-widget-wrap elementor-element-populated\">\n\t\t\t\t\t\t<div class=\"elementor-element elementor-element-2c9dd829 elementor-widget elementor-widget-text-editor\" data-id=\"2c9dd829\" data-element_type=\"widget\" data-widget_type=\"text-editor.default\">\n\t\t\t\t<div class=\"elementor-widget-container\">\n\t\t\t\t\t\t\t\t\t<p>Exposici\u00f3n colectiva de los socios de la asociaci\u00f3n Riojafoto en la que los socios, y conmemorando el 400 aniversario de la muerte de Cervantes, eleg\u00edan palabras de textos del autor y creaban una serie a partir de la palabra elegida. La exposici\u00f3n estuvo colgada en la Sala de Exposiciones del Ayuntamiento de Logro\u00f1o en Septiembre de 2016.<\/p>\n<!-- \/wp:paragraph --><!-- wp:paragraph -->\n<p>Las palabras escogidas de los textos son PECADO y OJOS. Ambas series se han realizado de forma conjunta por<span style=\"text-decoration: underline;\"> A<a href=\"http:\/\/angelvalencia.es\">ngel Valencia<\/a> <\/span>y Susana Navaridas<\/p>\n<hr class=\"wp-block-separator\" \/>\t\t\t\t\t\t\t\t<\/div>\n\t\t\t\t<\/div>\n\t\t\t\t<div class=\"elementor-element elementor-element-7e2e9d5b elementor-widget-divider--view-line elementor-widget elementor-widget-divider\" data-id=\"7e2e9d5b\" data-element_type=\"widget\" data-widget_type=\"divider.default\">\n\t\t\t\t<div class=\"elementor-widget-container\">\n\t\t\t\t\t\t\t<div class=\"elementor-divider\">\n\t\t\t<span class=\"elementor-divider-separator\">\n\t\t\t\t\t\t<\/span>\n\t\t<\/div>\n\t\t\t\t\t\t<\/div>\n\t\t\t\t<\/div>\n\t\t\t\t\t<\/div>\n\t\t<\/div>\n\t\t\t\t\t<\/div>\n\t\t<\/section>\n\t\t\t\t<section class=\"elementor-section elementor-top-section elementor-element elementor-element-b216278 elementor-section-boxed elementor-section-height-default elementor-section-height-default\" data-id=\"b216278\" data-element_type=\"section\">\n\t\t\t\t\t\t<div class=\"elementor-container elementor-column-gap-default\">\n\t\t\t\t\t<div class=\"elementor-column elementor-col-100 elementor-top-column elementor-element elementor-element-87d5140\" data-id=\"87d5140\" data-element_type=\"column\">\n\t\t\t<div class=\"elementor-widget-wrap elementor-element-populated\">\n\t\t\t\t\t\t<div class=\"elementor-element elementor-element-8377550 elementor-widget elementor-widget-text-editor\" data-id=\"8377550\" data-element_type=\"widget\" data-widget_type=\"text-editor.default\">\n\t\t\t\t<div class=\"elementor-widget-container\">\n\t\t\t\t\t\t\t\t\t<p class=\"has-text-align-center\"><em><strong>\u00bb\u00a1Al ladr\u00f3n, al ladr\u00f3n! \u00a1Det\u00e9nganle, det\u00e9nganle!\u00bb, uno se pone en medio y se opone al raudal de los que le siguen, diciendo: \u00bb\u00a1D\u00e9jenle al cuitado, que harta mala ventura lleva \u00a1All\u00e1 se lo haya; cast\u00edguele su\u00a0PECADO!\u00bb<\/strong><\/em><\/p>\n<p><!-- \/wp:paragraph --><!-- wp:paragraph {\"align\":\"right\"} --><\/p>\n<p class=\"has-text-align-right\">Texto: Rinconete y Cortadillo<\/p>\t\t\t\t\t\t\t\t<\/div>\n\t\t\t\t<\/div>\n\t\t\t\t\t<\/div>\n\t\t<\/div>\n\t\t\t\t\t<\/div>\n\t\t<\/section>\n\t\t\t\t<section class=\"elementor-section elementor-top-section elementor-element elementor-element-dcd8197 elementor-section-boxed elementor-section-height-default elementor-section-height-default\" data-id=\"dcd8197\" data-element_type=\"section\">\n\t\t\t\t\t\t<div class=\"elementor-container elementor-column-gap-default\">\n\t\t\t\t\t<div class=\"elementor-column elementor-col-100 elementor-top-column elementor-element elementor-element-48ed2f87\" data-id=\"48ed2f87\" data-element_type=\"column\">\n\t\t\t<div class=\"elementor-widget-wrap elementor-element-populated\">\n\t\t\t\t\t\t<div class=\"elementor-element elementor-element-5b914921 elementor-widget elementor-widget-text-editor\" data-id=\"5b914921\" data-element_type=\"widget\" data-widget_type=\"text-editor.default\">\n\t\t\t\t<div class=\"elementor-widget-container\">\n\t\t\t\t\t\t\t\t\t<!-- wp:paragraph --><!-- \/wp:paragraph --><!-- wp:gallery {\"ids\":[1878,1877,1876],\"linkTo\":\"none\"} -->\n<figure class=\"wp-block-gallery columns-3 is-cropped\">\n<ul class=\"blocks-gallery-grid\">\n<li class=\"blocks-gallery-item\">\n<figure><img fetchpriority=\"high\" decoding=\"async\" width=\"1024\" height=\"853\" class=\"wp-image-1878\" src=\"http:\/\/susananavaridas.es\/wp-content\/uploads\/ira-1024x853.jpg\" alt=\"\" data-id=\"1878\" data-full-url=\"http:\/\/susananavaridas.es\/wp-content\/uploads\/ira.jpg\" data-link=\"https:\/\/susananavaridas.es\/?attachment_id=1878\" srcset=\"https:\/\/susananavaridas.es\/wp-content\/uploads\/ira-1024x853.jpg 1024w, https:\/\/susananavaridas.es\/wp-content\/uploads\/ira-300x250.jpg 300w, https:\/\/susananavaridas.es\/wp-content\/uploads\/ira-768x640.jpg 768w, https:\/\/susananavaridas.es\/wp-content\/uploads\/ira.jpg 1600w\" sizes=\"(max-width: 1024px) 100vw, 1024px\" \/><\/figure>\n<\/li>\n<li class=\"blocks-gallery-item\">\n<figure><img decoding=\"async\" width=\"1024\" height=\"853\" class=\"wp-image-1877\" src=\"http:\/\/susananavaridas.es\/wp-content\/uploads\/lujuria-1024x853.jpg\" alt=\"\" data-id=\"1877\" data-full-url=\"http:\/\/susananavaridas.es\/wp-content\/uploads\/lujuria.jpg\" data-link=\"https:\/\/susananavaridas.es\/?attachment_id=1877\" srcset=\"https:\/\/susananavaridas.es\/wp-content\/uploads\/lujuria-1024x853.jpg 1024w, https:\/\/susananavaridas.es\/wp-content\/uploads\/lujuria-300x250.jpg 300w, https:\/\/susananavaridas.es\/wp-content\/uploads\/lujuria-768x640.jpg 768w, https:\/\/susananavaridas.es\/wp-content\/uploads\/lujuria.jpg 1600w\" sizes=\"(max-width: 1024px) 100vw, 1024px\" \/><\/figure>\n<\/li>\n<li class=\"blocks-gallery-item\">\n<figure><img decoding=\"async\" width=\"1024\" height=\"853\" class=\"wp-image-1876\" src=\"http:\/\/susananavaridas.es\/wp-content\/uploads\/gula-1024x853.jpg\" alt=\"\" data-id=\"1876\" data-full-url=\"http:\/\/susananavaridas.es\/wp-content\/uploads\/gula.jpg\" data-link=\"https:\/\/susananavaridas.es\/?attachment_id=1876\" srcset=\"https:\/\/susananavaridas.es\/wp-content\/uploads\/gula-1024x853.jpg 1024w, https:\/\/susananavaridas.es\/wp-content\/uploads\/gula-300x250.jpg 300w, https:\/\/susananavaridas.es\/wp-content\/uploads\/gula-768x640.jpg 768w, https:\/\/susananavaridas.es\/wp-content\/uploads\/gula.jpg 1600w\" sizes=\"(max-width: 1024px) 100vw, 1024px\" \/><\/figure>\n<\/li>\n<\/ul>\n<\/figure>\n<!-- \/wp:gallery --><!-- wp:columns -->\n<div class=\"wp-block-columns\"><!-- wp:column -->\n<div class=\"wp-block-column\"><!-- wp:paragraph {\"align\":\"center\"} -->\n<p class=\"has-text-align-center\">Ira<\/p>\n<!-- \/wp:paragraph --><\/div>\n<!-- \/wp:column --><!-- wp:column -->\n<div class=\"wp-block-column\"><!-- wp:paragraph {\"align\":\"center\"} -->\n<p class=\"has-text-align-center\">Lujuria<\/p>\n<!-- \/wp:paragraph --><\/div>\n<!-- \/wp:column --><!-- wp:column -->\n<div class=\"wp-block-column\"><!-- wp:paragraph {\"align\":\"center\"} -->\n<p class=\"has-text-align-center\">Gula<\/p>\n<!-- \/wp:paragraph --><\/div>\n<!-- \/wp:column --><\/div>\n<!-- \/wp:columns --><!-- wp:separator --><hr class=\"wp-block-separator\" \/><!-- \/wp:separator --><!-- wp:paragraph {\"align\":\"center\"} -->\n<p class=\"has-text-align-center\"><em>\u201c<\/em><strong><em>&#8230;- Y aun de cenar le dar\u00eda yo -dijo la Cariharta-,\u00a0porque te llevase donde nunca m\u00e1s mis\u00a0OJOS\u00a0te viesen.\u201d<\/em>\u00a0<\/strong><\/p>\n<!-- \/wp:paragraph --><!-- wp:paragraph {\"align\":\"right\"} -->\n<p class=\"has-text-align-right\">Texto: Rinconete y Cortadillo<\/p>\n<!-- \/wp:paragraph --><!-- wp:gallery {\"ids\":[1972,1971,1970],\"linkTo\":\"none\"} -->\n<figure class=\"wp-block-gallery columns-3 is-cropped\">\n<ul class=\"blocks-gallery-grid\">\n<li class=\"blocks-gallery-item\">\n<figure><img loading=\"lazy\" decoding=\"async\" width=\"687\" height=\"1024\" class=\"wp-image-1972\" src=\"http:\/\/susananavaridas.es\/wp-content\/uploads\/ojo3-687x1024.jpg\" alt=\"\" data-id=\"1972\" data-full-url=\"http:\/\/susananavaridas.es\/wp-content\/uploads\/ojo3.jpg\" data-link=\"https:\/\/susananavaridas.es\/?attachment_id=1972\" srcset=\"https:\/\/susananavaridas.es\/wp-content\/uploads\/ojo3-687x1024.jpg 687w, https:\/\/susananavaridas.es\/wp-content\/uploads\/ojo3-201x300.jpg 201w, https:\/\/susananavaridas.es\/wp-content\/uploads\/ojo3-768x1144.jpg 768w\" sizes=\"(max-width: 687px) 100vw, 687px\" \/><\/figure>\n<\/li>\n<li class=\"blocks-gallery-item\">\n<figure><img loading=\"lazy\" decoding=\"async\" width=\"687\" height=\"1024\" class=\"wp-image-1971\" src=\"http:\/\/susananavaridas.es\/wp-content\/uploads\/ojo2-687x1024.jpg\" alt=\"\" data-id=\"1971\" data-full-url=\"http:\/\/susananavaridas.es\/wp-content\/uploads\/ojo2.jpg\" data-link=\"https:\/\/susananavaridas.es\/?attachment_id=1971\" srcset=\"https:\/\/susananavaridas.es\/wp-content\/uploads\/ojo2-687x1024.jpg 687w, https:\/\/susananavaridas.es\/wp-content\/uploads\/ojo2-201x300.jpg 201w, https:\/\/susananavaridas.es\/wp-content\/uploads\/ojo2-768x1144.jpg 768w\" sizes=\"(max-width: 687px) 100vw, 687px\" \/><\/figure>\n<\/li>\n<li class=\"blocks-gallery-item\">\n<figure><img loading=\"lazy\" decoding=\"async\" width=\"687\" height=\"1024\" class=\"wp-image-1970\" src=\"http:\/\/susananavaridas.es\/wp-content\/uploads\/ojo1-687x1024.jpg\" alt=\"\" data-id=\"1970\" data-full-url=\"http:\/\/susananavaridas.es\/wp-content\/uploads\/ojo1.jpg\" data-link=\"https:\/\/susananavaridas.es\/?attachment_id=1970\" srcset=\"https:\/\/susananavaridas.es\/wp-content\/uploads\/ojo1-687x1024.jpg 687w, https:\/\/susananavaridas.es\/wp-content\/uploads\/ojo1-201x300.jpg 201w, https:\/\/susananavaridas.es\/wp-content\/uploads\/ojo1-768x1144.jpg 768w\" sizes=\"(max-width: 687px) 100vw, 687px\" \/><\/figure>\n<\/li>\n<\/ul>\n<\/figure>\n<!-- \/wp:gallery --><!-- wp:paragraph -->\n<p><a href=\"http:\/\/www.larioja.com\/culturas\/201609\/30\/tres-imagenes-valen-palabra-20160930003958-v.html\">http:\/\/www.larioja.com\/culturas\/201609\/30\/tres-imagenes-valen-palabra-20160930003958-v.html<\/a><\/p>\n<!-- \/wp:paragraph -->\t\t\t\t\t\t\t\t<\/div>\n\t\t\t\t<\/div>\n\t\t\t\t\t<\/div>\n\t\t<\/div>\n\t\t\t\t\t<\/div>\n\t\t<\/section>\n\t\t\t\t<\/div>\n\t\t","protected":false},"excerpt":{"rendered":"<p>Exposici\u00f3n colectiva de los socios de la asociaci\u00f3n Riojafoto en la que los socios, y conmemorando el 400 aniversario de la muerte de Cervantes, eleg\u00edan palabras de textos del autor y creaban una serie a partir de la palabra elegida. La exposici\u00f3n estuvo colgada en la Sala de Exposiciones del Ayuntamiento de Logro\u00f1o en Septiembre &#8230; <a title=\"Ojo, Pecado\" class=\"read-more\" href=\"https:\/\/susananavaridas.es\/?page_id=2384\">Read more<span class=\"screen-reader-text\">Ojo, Pecado<\/span><\/a><\/p>\n","protected":false},"author":2,"featured_media":0,"parent":0,"menu_order":0,"comment_status":"closed","ping_status":"closed","template":"","meta":{"_monsterinsights_skip_tracking":false,"_monsterinsights_sitenote_active":false,"_monsterinsights_sitenote_note":"","_monsterinsights_sitenote_category":0,"footnotes":""},"class_list":["post-2384","page","type-page","status-publish"],"aioseo_notices":[],"_links":{"self":[{"href":"https:\/\/susananavaridas.es\/index.php?rest_route=\/wp\/v2\/pages\/2384","targetHints":{"allow":["GET"]}}],"collection":[{"href":"https:\/\/susananavaridas.es\/index.php?rest_route=\/wp\/v2\/pages"}],"about":[{"href":"https:\/\/susananavaridas.es\/index.php?rest_route=\/wp\/v2\/types\/page"}],"author":[{"embeddable":true,"href":"https:\/\/susananavaridas.es\/index.php?rest_route=\/wp\/v2\/users\/2"}],"replies":[{"embeddable":true,"href":"https:\/\/susananavaridas.es\/index.php?rest_route=%2Fwp%2Fv2%2Fcomments&post=2384"}],"version-history":[{"count":26,"href":"https:\/\/susananavaridas.es\/index.php?rest_route=\/wp\/v2\/pages\/2384\/revisions"}],"predecessor-version":[{"id":5315,"href":"https:\/\/susananavaridas.es\/index.php?rest_route=\/wp\/v2\/pages\/2384\/revisions\/5315"}],"wp:attachment":[{"href":"https:\/\/susananavaridas.es\/index.php?rest_route=%2Fwp%2Fv2%2Fmedia&parent=2384"}],"curies":[{"name":"wp","href":"https:\/\/api.w.org\/{rel}","templated":true}]}}