{"id":2392,"date":"2020-11-03T20:18:43","date_gmt":"2020-11-03T19:18:43","guid":{"rendered":"https:\/\/susananavaridas.es\/?page_id=2392"},"modified":"2022-08-02T07:31:49","modified_gmt":"2022-08-02T06:31:49","slug":"muere","status":"publish","type":"page","link":"https:\/\/susananavaridas.es\/?page_id=2392","title":{"rendered":"Muere"},"content":{"rendered":"\t\t<div data-elementor-type=\"wp-page\" data-elementor-id=\"2392\" class=\"elementor elementor-2392\">\n\t\t\t\t\t\t<section class=\"elementor-section elementor-top-section elementor-element elementor-element-42d96bed elementor-section-boxed elementor-section-height-default elementor-section-height-default\" data-id=\"42d96bed\" data-element_type=\"section\">\n\t\t\t\t\t\t<div class=\"elementor-container elementor-column-gap-default\">\n\t\t\t\t\t<div class=\"elementor-column elementor-col-100 elementor-top-column elementor-element elementor-element-6eb45d6b\" data-id=\"6eb45d6b\" data-element_type=\"column\">\n\t\t\t<div class=\"elementor-widget-wrap elementor-element-populated\">\n\t\t\t\t\t\t<div class=\"elementor-element elementor-element-47c5a042 elementor-widget elementor-widget-text-editor\" data-id=\"47c5a042\" data-element_type=\"widget\" data-widget_type=\"text-editor.default\">\n\t\t\t\t<div class=\"elementor-widget-container\">\n\t\t\t\t\t\t\t\t\t<p><strong>\u00abImagenes en diez palabras\u00bb<\/strong> es una exposici\u00f3n fotogr\u00e1fica organizada por Riojafoto en el 2017 y dedicada a la poeta espa\u00f1ola Gloria Fuertes cuando se cumplen cien a\u00f1os de su nacimiento.<br>Utilizando la palabra como origen, cada fotografo elige una poes\u00eda, extirpando una plabra con el fin de reflejarlo en imagenes, dando una visi\u00f3n personal de la misma.<br>El verso elegido <strong>\u00abVersos Serios\u00bb<\/strong>, y la palabra <strong>\u00abMuere\u00bb<\/strong>, a raiz de la cual hice mi propio poema siguiendo la misma estructura que sigui\u00f3 en su dia Gloria Fuertes.<\/p>\t\t\t\t\t\t\t\t<\/div>\n\t\t\t\t<\/div>\n\t\t\t\t<div class=\"elementor-element elementor-element-68eaf744 elementor-widget-divider--view-line elementor-widget elementor-widget-divider\" data-id=\"68eaf744\" data-element_type=\"widget\" data-widget_type=\"divider.default\">\n\t\t\t\t<div class=\"elementor-widget-container\">\n\t\t\t\t\t\t\t<div class=\"elementor-divider\">\n\t\t\t<span class=\"elementor-divider-separator\">\n\t\t\t\t\t\t<\/span>\n\t\t<\/div>\n\t\t\t\t\t\t<\/div>\n\t\t\t\t<\/div>\n\t\t\t\t\t<\/div>\n\t\t<\/div>\n\t\t\t\t\t<\/div>\n\t\t<\/section>\n\t\t\t\t<section class=\"elementor-section elementor-top-section elementor-element elementor-element-8038528 elementor-section-boxed elementor-section-height-default elementor-section-height-default\" data-id=\"8038528\" data-element_type=\"section\">\n\t\t\t\t\t\t<div class=\"elementor-container elementor-column-gap-default\">\n\t\t\t\t\t<div class=\"elementor-column elementor-col-50 elementor-top-column elementor-element elementor-element-23b4ccd\" data-id=\"23b4ccd\" data-element_type=\"column\">\n\t\t\t<div class=\"elementor-widget-wrap elementor-element-populated\">\n\t\t\t\t\t\t<div class=\"elementor-element elementor-element-5706aa6 elementor-widget elementor-widget-text-editor\" data-id=\"5706aa6\" data-element_type=\"widget\" data-widget_type=\"text-editor.default\">\n\t\t\t\t<div class=\"elementor-widget-container\">\n\t\t\t\t\t\t\t\t\t<div class=\"wp-block-column\">\n<p class=\"has-text-align-center\"><em>Cuando la culpa muere, nace el perd\u00f3n.<\/em><br \/><em>Cuando la duda muere, nace la serenidad.<\/em><br \/><em>Cuando el rechazo muere, nace el abrazo.<\/em><br \/><em>Todo esto nace en el coraz\u00f3n del hombre<\/em><\/p>\n<!-- \/wp:paragraph --><\/div>\n<!-- \/wp:column --><!-- wp:column -->\t\t\t\t\t\t\t\t<\/div>\n\t\t\t\t<\/div>\n\t\t\t\t\t<\/div>\n\t\t<\/div>\n\t\t\t\t<div class=\"elementor-column elementor-col-50 elementor-top-column elementor-element elementor-element-e7e42aa\" data-id=\"e7e42aa\" data-element_type=\"column\">\n\t\t\t<div class=\"elementor-widget-wrap elementor-element-populated\">\n\t\t\t\t\t\t<div class=\"elementor-element elementor-element-c2e61ef elementor-widget elementor-widget-text-editor\" data-id=\"c2e61ef\" data-element_type=\"widget\" data-widget_type=\"text-editor.default\">\n\t\t\t\t<div class=\"elementor-widget-container\">\n\t\t\t\t\t\t\t\t\t<!-- \/wp:column --><!-- wp:column -->\n<div class=\"wp-block-column\"><!-- wp:paragraph -->\n<p><em>Cuando el llanto muere, nace la sonrisa.<\/em><br \/><em>Cuando el rencor muere, nace el afecto.<\/em><br \/><em>Cuando la pena muere, nace el alivio.<\/em><br \/><em>Todo esto nace, mientras morimos por vivir.<\/em><\/p>\n<\/div>\t\t\t\t\t\t\t\t<\/div>\n\t\t\t\t<\/div>\n\t\t\t\t\t<\/div>\n\t\t<\/div>\n\t\t\t\t\t<\/div>\n\t\t<\/section>\n\t\t\t\t<section class=\"elementor-section elementor-top-section elementor-element elementor-element-d15a3da elementor-section-boxed elementor-section-height-default elementor-section-height-default\" data-id=\"d15a3da\" data-element_type=\"section\">\n\t\t\t\t\t\t<div class=\"elementor-container elementor-column-gap-default\">\n\t\t\t\t\t<div class=\"elementor-column elementor-col-100 elementor-top-column elementor-element elementor-element-76609973\" data-id=\"76609973\" data-element_type=\"column\">\n\t\t\t<div class=\"elementor-widget-wrap elementor-element-populated\">\n\t\t\t\t\t\t<div class=\"elementor-element elementor-element-297eb854 elementor-widget elementor-widget-text-editor\" data-id=\"297eb854\" data-element_type=\"widget\" data-widget_type=\"text-editor.default\">\n\t\t\t\t<div class=\"elementor-widget-container\">\n\t\t\t\t\t\t\t\t\t<!-- wp:paragraph --><!-- \/wp:columns --><!-- wp:gallery {\"ids\":[2086,2090,2085,2092,2127],\"columns\":5,\"linkTo\":\"none\"} -->\n<figure class=\"wp-block-gallery columns-5 is-cropped\">\n<ul class=\"blocks-gallery-grid\">\n<li class=\"blocks-gallery-item\">\n<figure><img fetchpriority=\"high\" decoding=\"async\" width=\"683\" height=\"1024\" class=\"wp-image-2086\" src=\"http:\/\/susananavaridas.es\/wp-content\/uploads\/casabuela-_MG_9241-Editar-683x1024.jpg\" alt=\"\" data-id=\"2086\" data-full-url=\"http:\/\/susananavaridas.es\/wp-content\/uploads\/casabuela-_MG_9241-Editar.jpg\" data-link=\"https:\/\/susananavaridas.es\/?attachment_id=2086\" srcset=\"https:\/\/susananavaridas.es\/wp-content\/uploads\/casabuela-_MG_9241-Editar-683x1024.jpg 683w, https:\/\/susananavaridas.es\/wp-content\/uploads\/casabuela-_MG_9241-Editar-200x300.jpg 200w, https:\/\/susananavaridas.es\/wp-content\/uploads\/casabuela-_MG_9241-Editar-768x1152.jpg 768w\" sizes=\"(max-width: 683px) 100vw, 683px\" \/><\/figure>\n<\/li>\n<li class=\"blocks-gallery-item\">\n<figure><img decoding=\"async\" width=\"683\" height=\"1024\" class=\"wp-image-2090\" src=\"http:\/\/susananavaridas.es\/wp-content\/uploads\/casabuela-_MG_9310-Editar-2-683x1024.jpg\" alt=\"\" data-id=\"2090\" data-full-url=\"http:\/\/susananavaridas.es\/wp-content\/uploads\/casabuela-_MG_9310-Editar-2.jpg\" data-link=\"https:\/\/susananavaridas.es\/?attachment_id=2090\" srcset=\"https:\/\/susananavaridas.es\/wp-content\/uploads\/casabuela-_MG_9310-Editar-2-683x1024.jpg 683w, https:\/\/susananavaridas.es\/wp-content\/uploads\/casabuela-_MG_9310-Editar-2-200x300.jpg 200w, https:\/\/susananavaridas.es\/wp-content\/uploads\/casabuela-_MG_9310-Editar-2-768x1152.jpg 768w\" sizes=\"(max-width: 683px) 100vw, 683px\" \/><\/figure>\n<\/li>\n<li class=\"blocks-gallery-item\">\n<figure><img decoding=\"async\" width=\"683\" height=\"1024\" class=\"wp-image-2085\" src=\"http:\/\/susananavaridas.es\/wp-content\/uploads\/casabuela-_MG_9224-Editar-2-683x1024.jpg\" alt=\"\" data-id=\"2085\" data-full-url=\"http:\/\/susananavaridas.es\/wp-content\/uploads\/casabuela-_MG_9224-Editar-2.jpg\" data-link=\"https:\/\/susananavaridas.es\/?attachment_id=2085\" srcset=\"https:\/\/susananavaridas.es\/wp-content\/uploads\/casabuela-_MG_9224-Editar-2-683x1024.jpg 683w, https:\/\/susananavaridas.es\/wp-content\/uploads\/casabuela-_MG_9224-Editar-2-200x300.jpg 200w, https:\/\/susananavaridas.es\/wp-content\/uploads\/casabuela-_MG_9224-Editar-2-768x1152.jpg 768w\" sizes=\"(max-width: 683px) 100vw, 683px\" \/><\/figure>\n<\/li>\n<li class=\"blocks-gallery-item\">\n<figure><img decoding=\"async\" class=\"wp-image-2092\" src=\"http:\/\/susananavaridas.es\/wp-content\/uploads\/casabuela-_MG_9318-2-683x1024.jpg\" alt=\"\" data-id=\"2092\" data-full-url=\"http:\/\/susananavaridas.es\/wp-content\/uploads\/casabuela-_MG_9318-2.jpg\" data-link=\"https:\/\/susananavaridas.es\/?attachment_id=2092\" \/><\/figure>\n<\/li>\n<li class=\"blocks-gallery-item\">\n<figure><img loading=\"lazy\" decoding=\"async\" width=\"683\" height=\"1024\" class=\"wp-image-2127\" src=\"http:\/\/susananavaridas.es\/wp-content\/uploads\/gf_MG_9568-Editar-1-683x1024.jpg\" alt=\"\" data-id=\"2127\" data-full-url=\"http:\/\/susananavaridas.es\/wp-content\/uploads\/gf_MG_9568-Editar-1.jpg\" data-link=\"https:\/\/susananavaridas.es\/?attachment_id=2127\" srcset=\"https:\/\/susananavaridas.es\/wp-content\/uploads\/gf_MG_9568-Editar-1-683x1024.jpg 683w, https:\/\/susananavaridas.es\/wp-content\/uploads\/gf_MG_9568-Editar-1-200x300.jpg 200w, https:\/\/susananavaridas.es\/wp-content\/uploads\/gf_MG_9568-Editar-1-768x1152.jpg 768w\" sizes=\"(max-width: 683px) 100vw, 683px\" \/><\/figure>\n<\/li>\n<\/ul>\n<\/figure>\n<!-- \/wp:gallery -->\t\t\t\t\t\t\t\t<\/div>\n\t\t\t\t<\/div>\n\t\t\t\t\t<\/div>\n\t\t<\/div>\n\t\t\t\t\t<\/div>\n\t\t<\/section>\n\t\t\t\t<\/div>\n\t\t","protected":false},"excerpt":{"rendered":"<p>\u00abImagenes en diez palabras\u00bb es una exposici\u00f3n fotogr\u00e1fica organizada por Riojafoto en el 2017 y dedicada a la poeta espa\u00f1ola Gloria Fuertes cuando se cumplen cien a\u00f1os de su nacimiento.Utilizando la palabra como origen, cada fotografo elige una poes\u00eda, extirpando una plabra con el fin de reflejarlo en imagenes, dando una visi\u00f3n personal de la &#8230; <a title=\"Muere\" class=\"read-more\" href=\"https:\/\/susananavaridas.es\/?page_id=2392\">Read more<span class=\"screen-reader-text\">Muere<\/span><\/a><\/p>\n","protected":false},"author":2,"featured_media":0,"parent":0,"menu_order":0,"comment_status":"closed","ping_status":"closed","template":"","meta":{"_monsterinsights_skip_tracking":false,"_monsterinsights_sitenote_active":false,"_monsterinsights_sitenote_note":"","_monsterinsights_sitenote_category":0,"footnotes":""},"class_list":["post-2392","page","type-page","status-publish"],"aioseo_notices":[],"_links":{"self":[{"href":"https:\/\/susananavaridas.es\/index.php?rest_route=\/wp\/v2\/pages\/2392","targetHints":{"allow":["GET"]}}],"collection":[{"href":"https:\/\/susananavaridas.es\/index.php?rest_route=\/wp\/v2\/pages"}],"about":[{"href":"https:\/\/susananavaridas.es\/index.php?rest_route=\/wp\/v2\/types\/page"}],"author":[{"embeddable":true,"href":"https:\/\/susananavaridas.es\/index.php?rest_route=\/wp\/v2\/users\/2"}],"replies":[{"embeddable":true,"href":"https:\/\/susananavaridas.es\/index.php?rest_route=%2Fwp%2Fv2%2Fcomments&post=2392"}],"version-history":[{"count":39,"href":"https:\/\/susananavaridas.es\/index.php?rest_route=\/wp\/v2\/pages\/2392\/revisions"}],"predecessor-version":[{"id":5303,"href":"https:\/\/susananavaridas.es\/index.php?rest_route=\/wp\/v2\/pages\/2392\/revisions\/5303"}],"wp:attachment":[{"href":"https:\/\/susananavaridas.es\/index.php?rest_route=%2Fwp%2Fv2%2Fmedia&parent=2392"}],"curies":[{"name":"wp","href":"https:\/\/api.w.org\/{rel}","templated":true}]}}