{"id":2408,"date":"2020-11-03T21:18:52","date_gmt":"2020-11-03T20:18:52","guid":{"rendered":"https:\/\/susananavaridas.es\/?page_id=2408"},"modified":"2022-08-02T07:36:25","modified_gmt":"2022-08-02T06:36:25","slug":"roblamvera","status":"publish","type":"page","link":"https:\/\/susananavaridas.es\/?page_id=2408","title":{"rendered":"Roblanvera"},"content":{"rendered":"\t\t<div data-elementor-type=\"wp-page\" data-elementor-id=\"2408\" class=\"elementor elementor-2408\">\n\t\t\t\t\t\t<section class=\"elementor-section elementor-top-section elementor-element elementor-element-43d52711 elementor-section-boxed elementor-section-height-default elementor-section-height-default\" data-id=\"43d52711\" data-element_type=\"section\">\n\t\t\t\t\t\t<div class=\"elementor-container elementor-column-gap-default\">\n\t\t\t\t\t<div class=\"elementor-column elementor-col-100 elementor-top-column elementor-element elementor-element-7f6ab1\" data-id=\"7f6ab1\" data-element_type=\"column\">\n\t\t\t<div class=\"elementor-widget-wrap elementor-element-populated\">\n\t\t\t\t\t\t<div class=\"elementor-element elementor-element-3eca2a37 elementor-widget elementor-widget-text-editor\" data-id=\"3eca2a37\" data-element_type=\"widget\" data-widget_type=\"text-editor.default\">\n\t\t\t\t<div class=\"elementor-widget-container\">\n\t\t\t\t\t\t\t\t\t<p>Aunque la bandera Riojana no tiene nombre, se le conoce con el acr\u00f3nimo \u00abroblanvera\u00bb (ROjo-BLANco-VERde-Amarillo). El significado actual de los colores es:<\/p>\n<p><!-- \/wp:paragraph --><!-- wp:list --><\/p>\n<ul>\n<li>Rojo: vino<\/li>\n<li>Blanco: rios, cielo<\/li>\n<li>Verde: campos, huertas, monta\u00f1as, bosques<\/li>\n<li>Amarillo: tierras, monumentos<\/li>\n<\/ul>\n<p><!-- \/wp:list --><!-- wp:paragraph --><\/p>\n<p>\u00ab<strong>Roblanvera<\/strong>\u00bb, fue una exposici\u00f3n conjunta de socios de la asociaci\u00f3n Riojafoto en el 2019. En ella cada socio aportaba cuatro fotograf\u00edas en las que los cuatro colores de la bandera de La Rioja (Espa\u00f1a) fueran protagonistas. Cada socio pod\u00eda elegir libremente la tem\u00e1tica y est\u00e9tica de las fotograf\u00edas. Personalmente decid\u00ed que me gustar\u00eda que mis fotograf\u00edas fueran relacionadas con dos temas muy nuestras las glosas emilianenses y el vino<\/p>\t\t\t\t\t\t\t\t<\/div>\n\t\t\t\t<\/div>\n\t\t\t\t\t<\/div>\n\t\t<\/div>\n\t\t\t\t\t<\/div>\n\t\t<\/section>\n\t\t\t\t<section class=\"elementor-section elementor-top-section elementor-element elementor-element-caffa42 elementor-section-boxed elementor-section-height-default elementor-section-height-default\" data-id=\"caffa42\" data-element_type=\"section\">\n\t\t\t\t\t\t<div class=\"elementor-container elementor-column-gap-default\">\n\t\t\t\t\t<div class=\"elementor-column elementor-col-100 elementor-top-column elementor-element elementor-element-701d89c9\" data-id=\"701d89c9\" data-element_type=\"column\">\n\t\t\t<div class=\"elementor-widget-wrap elementor-element-populated\">\n\t\t\t\t\t\t<div class=\"elementor-element elementor-element-be17ff9 elementor-widget elementor-widget-text-editor\" data-id=\"be17ff9\" data-element_type=\"widget\" data-widget_type=\"text-editor.default\">\n\t\t\t\t<div class=\"elementor-widget-container\">\n\t\t\t\t\t\t\t\t\t<!-- wp:paragraph --><!-- \/wp:paragraph --><!-- wp:gallery {\"ids\":[2187,2190,2191,2189],\"columns\":4,\"linkTo\":\"none\"} -->\n<figure class=\"wp-block-gallery columns-4 is-cropped\">\n<ul class=\"blocks-gallery-grid\">\n<li class=\"blocks-gallery-item\">\n<figure><img fetchpriority=\"high\" decoding=\"async\" width=\"683\" height=\"1024\" class=\"wp-image-2187\" src=\"http:\/\/susananavaridas.es\/wp-content\/uploads\/rojo_peq-683x1024.jpg\" alt=\"\" data-id=\"2187\" data-full-url=\"http:\/\/susananavaridas.es\/wp-content\/uploads\/rojo_peq.jpg\" data-link=\"https:\/\/susananavaridas.es\/?attachment_id=2187\" srcset=\"https:\/\/susananavaridas.es\/wp-content\/uploads\/rojo_peq-683x1024.jpg 683w, https:\/\/susananavaridas.es\/wp-content\/uploads\/rojo_peq-200x300.jpg 200w, https:\/\/susananavaridas.es\/wp-content\/uploads\/rojo_peq-768x1152.jpg 768w\" sizes=\"(max-width: 683px) 100vw, 683px\" \/><\/figure>\n<\/li>\n<li class=\"blocks-gallery-item\">\n<figure><img decoding=\"async\" width=\"683\" height=\"1024\" class=\"wp-image-2190\" src=\"http:\/\/susananavaridas.es\/wp-content\/uploads\/blanco-683x1024.jpg\" alt=\"\" data-id=\"2190\" data-full-url=\"http:\/\/susananavaridas.es\/wp-content\/uploads\/blanco.jpg\" data-link=\"https:\/\/susananavaridas.es\/?attachment_id=2190\" srcset=\"https:\/\/susananavaridas.es\/wp-content\/uploads\/blanco-683x1024.jpg 683w, https:\/\/susananavaridas.es\/wp-content\/uploads\/blanco-200x300.jpg 200w, https:\/\/susananavaridas.es\/wp-content\/uploads\/blanco-768x1152.jpg 768w\" sizes=\"(max-width: 683px) 100vw, 683px\" \/><\/figure>\n<\/li>\n<li class=\"blocks-gallery-item\">\n<figure><img decoding=\"async\" width=\"683\" height=\"1024\" class=\"wp-image-2191\" src=\"http:\/\/susananavaridas.es\/wp-content\/uploads\/verde-683x1024.jpg\" alt=\"\" data-id=\"2191\" data-full-url=\"http:\/\/susananavaridas.es\/wp-content\/uploads\/verde.jpg\" data-link=\"https:\/\/susananavaridas.es\/?attachment_id=2191\" srcset=\"https:\/\/susananavaridas.es\/wp-content\/uploads\/verde-683x1024.jpg 683w, https:\/\/susananavaridas.es\/wp-content\/uploads\/verde-200x300.jpg 200w, https:\/\/susananavaridas.es\/wp-content\/uploads\/verde-768x1152.jpg 768w\" sizes=\"(max-width: 683px) 100vw, 683px\" \/><\/figure>\n<\/li>\n<li class=\"blocks-gallery-item\">\n<figure><img loading=\"lazy\" decoding=\"async\" width=\"683\" height=\"1024\" class=\"wp-image-2189\" src=\"http:\/\/susananavaridas.es\/wp-content\/uploads\/amarillo-683x1024.jpg\" alt=\"\" data-id=\"2189\" data-full-url=\"http:\/\/susananavaridas.es\/wp-content\/uploads\/amarillo.jpg\" data-link=\"https:\/\/susananavaridas.es\/?attachment_id=2189\" srcset=\"https:\/\/susananavaridas.es\/wp-content\/uploads\/amarillo-683x1024.jpg 683w, https:\/\/susananavaridas.es\/wp-content\/uploads\/amarillo-200x300.jpg 200w, https:\/\/susananavaridas.es\/wp-content\/uploads\/amarillo-768x1152.jpg 768w\" sizes=\"(max-width: 683px) 100vw, 683px\" \/><\/figure>\n<\/li>\n<\/ul>\n<\/figure>\n<!-- \/wp:gallery --><!-- wp:image -->\n<figure class=\"wp-block-image\"><img alt=\"\" \/><\/figure>\n<!-- \/wp:image -->\t\t\t\t\t\t\t\t<\/div>\n\t\t\t\t<\/div>\n\t\t\t\t\t<\/div>\n\t\t<\/div>\n\t\t\t\t\t<\/div>\n\t\t<\/section>\n\t\t\t\t<\/div>\n\t\t","protected":false},"excerpt":{"rendered":"<p>Aunque la bandera Riojana no tiene nombre, se le conoce con el acr\u00f3nimo \u00abroblanvera\u00bb (ROjo-BLANco-VERde-Amarillo). El significado actual de los colores es: Rojo: vino Blanco: rios, cielo Verde: campos, huertas, monta\u00f1as, bosques Amarillo: tierras, monumentos \u00abRoblanvera\u00bb, fue una exposici\u00f3n conjunta de socios de la asociaci\u00f3n Riojafoto en el 2019. En ella cada socio aportaba cuatro &#8230; <a title=\"Roblanvera\" class=\"read-more\" href=\"https:\/\/susananavaridas.es\/?page_id=2408\">Read more<span class=\"screen-reader-text\">Roblanvera<\/span><\/a><\/p>\n","protected":false},"author":2,"featured_media":0,"parent":0,"menu_order":0,"comment_status":"closed","ping_status":"closed","template":"","meta":{"_monsterinsights_skip_tracking":false,"_monsterinsights_sitenote_active":false,"_monsterinsights_sitenote_note":"","_monsterinsights_sitenote_category":0,"footnotes":""},"class_list":["post-2408","page","type-page","status-publish"],"aioseo_notices":[],"_links":{"self":[{"href":"https:\/\/susananavaridas.es\/index.php?rest_route=\/wp\/v2\/pages\/2408","targetHints":{"allow":["GET"]}}],"collection":[{"href":"https:\/\/susananavaridas.es\/index.php?rest_route=\/wp\/v2\/pages"}],"about":[{"href":"https:\/\/susananavaridas.es\/index.php?rest_route=\/wp\/v2\/types\/page"}],"author":[{"embeddable":true,"href":"https:\/\/susananavaridas.es\/index.php?rest_route=\/wp\/v2\/users\/2"}],"replies":[{"embeddable":true,"href":"https:\/\/susananavaridas.es\/index.php?rest_route=%2Fwp%2Fv2%2Fcomments&post=2408"}],"version-history":[{"count":17,"href":"https:\/\/susananavaridas.es\/index.php?rest_route=\/wp\/v2\/pages\/2408\/revisions"}],"predecessor-version":[{"id":5312,"href":"https:\/\/susananavaridas.es\/index.php?rest_route=\/wp\/v2\/pages\/2408\/revisions\/5312"}],"wp:attachment":[{"href":"https:\/\/susananavaridas.es\/index.php?rest_route=%2Fwp%2Fv2%2Fmedia&parent=2408"}],"curies":[{"name":"wp","href":"https:\/\/api.w.org\/{rel}","templated":true}]}}