{"id":3441,"date":"2021-05-16T19:07:21","date_gmt":"2021-05-16T18:07:21","guid":{"rendered":"https:\/\/susananavaridas.es\/?page_id=3441"},"modified":"2022-08-02T07:35:19","modified_gmt":"2022-08-02T06:35:19","slug":"pares-dispares","status":"publish","type":"page","link":"https:\/\/susananavaridas.es\/?page_id=3441","title":{"rendered":"Pares &#8211; Dispares"},"content":{"rendered":"\t\t<div data-elementor-type=\"wp-page\" data-elementor-id=\"3441\" class=\"elementor elementor-3441\">\n\t\t\t\t\t\t<section class=\"elementor-section elementor-top-section elementor-element elementor-element-6dcf282e elementor-section-boxed elementor-section-height-default elementor-section-height-default\" data-id=\"6dcf282e\" data-element_type=\"section\">\n\t\t\t\t\t\t<div class=\"elementor-container elementor-column-gap-default\">\n\t\t\t\t\t<div class=\"elementor-column elementor-col-100 elementor-top-column elementor-element elementor-element-5e7c2371\" data-id=\"5e7c2371\" data-element_type=\"column\">\n\t\t\t<div class=\"elementor-widget-wrap elementor-element-populated\">\n\t\t\t\t\t\t<div class=\"elementor-element elementor-element-364a361f elementor-widget elementor-widget-text-editor\" data-id=\"364a361f\" data-element_type=\"widget\" data-widget_type=\"text-editor.default\">\n\t\t\t\t<div class=\"elementor-widget-container\">\n\t\t\t\t\t\t\t\t\t<p>Colores, formas, objetos, ideas, a\u00fan siendo Dispares, se combinan a trav\u00e9s de un nexo com\u00fan, en un enfrentamiento conceptual o material que se va diluyendo poco a poco en cada nuevo balanceo de tus ojos.\u00a0<br \/>Y dejan de ser Dispares. Y son Pares.<\/p><p>Separadas, aisladas son una sola fotograf\u00eda de mayor o menor inter\u00e9s. Pero juntas, combinadas y enlazadas por ese peque\u00f1o detalle que comparten, son una expresi\u00f3n, un mensaje,\u2026<\/p><p>Este ha sido el tema elegido para la exposici\u00f3n colectiva de Riojafoto que se celebr\u00f3 en Julio del 2021<\/p>\t\t\t\t\t\t\t\t<\/div>\n\t\t\t\t<\/div>\n\t\t\t\t\t<\/div>\n\t\t<\/div>\n\t\t\t\t\t<\/div>\n\t\t<\/section>\n\t\t\t\t<section class=\"elementor-section elementor-top-section elementor-element elementor-element-36ef40b2 elementor-section-content-middle elementor-section-boxed elementor-section-height-default elementor-section-height-default\" data-id=\"36ef40b2\" data-element_type=\"section\">\n\t\t\t\t\t\t<div class=\"elementor-container elementor-column-gap-no\">\n\t\t\t\t\t<div class=\"elementor-column elementor-col-100 elementor-top-column elementor-element elementor-element-1c1f5a28\" data-id=\"1c1f5a28\" data-element_type=\"column\">\n\t\t\t<div class=\"elementor-widget-wrap elementor-element-populated\">\n\t\t\t\t\t\t<section class=\"elementor-section elementor-inner-section elementor-element elementor-element-ba7d06e elementor-section-content-middle elementor-section-boxed elementor-section-height-default elementor-section-height-default\" data-id=\"ba7d06e\" data-element_type=\"section\">\n\t\t\t\t\t\t<div class=\"elementor-container elementor-column-gap-no\">\n\t\t\t\t\t<div class=\"elementor-column elementor-col-50 elementor-inner-column elementor-element elementor-element-9588028\" data-id=\"9588028\" data-element_type=\"column\">\n\t\t\t<div class=\"elementor-widget-wrap elementor-element-populated\">\n\t\t\t\t\t\t<div class=\"elementor-element elementor-element-5f210c38 gallery-spacing-custom elementor-widget elementor-widget-image-gallery\" data-id=\"5f210c38\" data-element_type=\"widget\" data-widget_type=\"image-gallery.default\">\n\t\t\t\t<div class=\"elementor-widget-container\">\n\t\t\t\t\t\t\t<div class=\"elementor-image-gallery\">\n\t\t\t<div id='gallery-1' class='gallery galleryid-3441 gallery-columns-2 gallery-size-medium'><figure class='gallery-item'>\n\t\t\t<div class='gallery-icon portrait'>\n\t\t\t\t<a data-elementor-open-lightbox=\"yes\" data-elementor-lightbox-slideshow=\"5f210c38\" data-elementor-lightbox-title=\"par3i\" data-e-action-hash=\"#elementor-action%3Aaction%3Dlightbox%26settings%3DeyJpZCI6NDIyMywidXJsIjoiaHR0cHM6XC9cL3N1c2FuYW5hdmFyaWRhcy5lc1wvd3AtY29udGVudFwvdXBsb2Fkc1wvcGFyM2ktc2NhbGVkLmpwZyIsInNsaWRlc2hvdyI6IjVmMjEwYzM4In0%3D\" href='https:\/\/susananavaridas.es\/wp-content\/uploads\/par3i-scaled.jpg'><img fetchpriority=\"high\" decoding=\"async\" width=\"200\" height=\"300\" src=\"https:\/\/susananavaridas.es\/wp-content\/uploads\/par3i-200x300.jpg\" class=\"attachment-medium size-medium\" alt=\"\" srcset=\"https:\/\/susananavaridas.es\/wp-content\/uploads\/par3i-200x300.jpg 200w, https:\/\/susananavaridas.es\/wp-content\/uploads\/par3i-683x1024.jpg 683w, https:\/\/susananavaridas.es\/wp-content\/uploads\/par3i-scaled.jpg 1707w\" sizes=\"(max-width: 200px) 100vw, 200px\" \/><\/a>\n\t\t\t<\/div><\/figure><figure class='gallery-item'>\n\t\t\t<div class='gallery-icon portrait'>\n\t\t\t\t<a data-elementor-open-lightbox=\"yes\" data-elementor-lightbox-slideshow=\"5f210c38\" data-elementor-lightbox-title=\"par3d\" data-e-action-hash=\"#elementor-action%3Aaction%3Dlightbox%26settings%3DeyJpZCI6NDIyMiwidXJsIjoiaHR0cHM6XC9cL3N1c2FuYW5hdmFyaWRhcy5lc1wvd3AtY29udGVudFwvdXBsb2Fkc1wvcGFyM2Qtc2NhbGVkLmpwZyIsInNsaWRlc2hvdyI6IjVmMjEwYzM4In0%3D\" href='https:\/\/susananavaridas.es\/wp-content\/uploads\/par3d-scaled.jpg'><img decoding=\"async\" width=\"200\" height=\"300\" src=\"https:\/\/susananavaridas.es\/wp-content\/uploads\/par3d-200x300.jpg\" class=\"attachment-medium size-medium\" alt=\"\" srcset=\"https:\/\/susananavaridas.es\/wp-content\/uploads\/par3d-200x300.jpg 200w, https:\/\/susananavaridas.es\/wp-content\/uploads\/par3d-scaled.jpg 1707w\" sizes=\"(max-width: 200px) 100vw, 200px\" \/><\/a>\n\t\t\t<\/div><\/figure>\n\t\t<\/div>\n\t\t<\/div>\n\t\t\t\t\t\t<\/div>\n\t\t\t\t<\/div>\n\t\t\t\t\t<\/div>\n\t\t<\/div>\n\t\t\t\t<div class=\"elementor-column elementor-col-50 elementor-inner-column elementor-element elementor-element-f99bbb5\" data-id=\"f99bbb5\" data-element_type=\"column\">\n\t\t\t<div class=\"elementor-widget-wrap elementor-element-populated\">\n\t\t\t\t\t\t<div class=\"elementor-element elementor-element-30d04d4 gallery-spacing-custom elementor-widget elementor-widget-image-gallery\" data-id=\"30d04d4\" data-element_type=\"widget\" data-widget_type=\"image-gallery.default\">\n\t\t\t\t<div class=\"elementor-widget-container\">\n\t\t\t\t\t\t\t<div class=\"elementor-image-gallery\">\n\t\t\t<div id='gallery-2' class='gallery galleryid-3441 gallery-columns-2 gallery-size-full'><figure class='gallery-item'>\n\t\t\t<div class='gallery-icon '>\n\t\t\t\t<a data-elementor-open-lightbox=\"yes\" data-elementor-lightbox-slideshow=\"30d04d4\" data-elementor-lightbox-title=\"amarillo1\" data-e-action-hash=\"#elementor-action%3Aaction%3Dlightbox%26settings%3DeyJpZCI6NDE5OCwidXJsIjoiaHR0cHM6XC9cL3N1c2FuYW5hdmFyaWRhcy5lc1wvd3AtY29udGVudFwvdXBsb2Fkc1wvYW1hcmlsbG8xLmpwZyIsInNsaWRlc2hvdyI6IjMwZDA0ZDQifQ%3D%3D\" href='https:\/\/susananavaridas.es\/wp-content\/uploads\/amarillo1.jpg'><img decoding=\"async\" src=\"https:\/\/susananavaridas.es\/wp-content\/uploads\/amarillo1.jpg\" class=\"attachment-full size-full\" alt=\"\" \/><\/a>\n\t\t\t<\/div><\/figure><figure class='gallery-item'>\n\t\t\t<div class='gallery-icon landscape'>\n\t\t\t\t<a data-elementor-open-lightbox=\"yes\" data-elementor-lightbox-slideshow=\"30d04d4\" data-elementor-lightbox-title=\"amarillo2\" data-e-action-hash=\"#elementor-action%3Aaction%3Dlightbox%26settings%3DeyJpZCI6NDE5OSwidXJsIjoiaHR0cHM6XC9cL3N1c2FuYW5hdmFyaWRhcy5lc1wvd3AtY29udGVudFwvdXBsb2Fkc1wvYW1hcmlsbG8yLXNjYWxlZC5qcGciLCJzbGlkZXNob3ciOiIzMGQwNGQ0In0%3D\" href='https:\/\/susananavaridas.es\/wp-content\/uploads\/amarillo2-scaled.jpg'><img decoding=\"async\" width=\"2560\" height=\"1707\" src=\"https:\/\/susananavaridas.es\/wp-content\/uploads\/amarillo2-scaled.jpg\" class=\"attachment-full size-full\" alt=\"\" srcset=\"https:\/\/susananavaridas.es\/wp-content\/uploads\/amarillo2-scaled.jpg 2560w, https:\/\/susananavaridas.es\/wp-content\/uploads\/amarillo2-300x200.jpg 300w\" sizes=\"(max-width: 2560px) 100vw, 2560px\" \/><\/a>\n\t\t\t<\/div><\/figure>\n\t\t<\/div>\n\t\t<\/div>\n\t\t\t\t\t\t<\/div>\n\t\t\t\t<\/div>\n\t\t\t\t\t<\/div>\n\t\t<\/div>\n\t\t\t\t\t<\/div>\n\t\t<\/section>\n\t\t\t\t\t<\/div>\n\t\t<\/div>\n\t\t\t\t\t<\/div>\n\t\t<\/section>\n\t\t\t\t<\/div>\n\t\t","protected":false},"excerpt":{"rendered":"<p>Colores, formas, objetos, ideas, a\u00fan siendo Dispares, se combinan a trav\u00e9s de un nexo com\u00fan, en un enfrentamiento conceptual o material que se va diluyendo poco a poco en cada nuevo balanceo de tus ojos.\u00a0Y dejan de ser Dispares. Y son Pares. Separadas, aisladas son una sola fotograf\u00eda de mayor o menor inter\u00e9s. Pero juntas, &#8230; <a title=\"Pares &#8211; Dispares\" class=\"read-more\" href=\"https:\/\/susananavaridas.es\/?page_id=3441\">Read more<span class=\"screen-reader-text\">Pares &#8211; Dispares<\/span><\/a><\/p>\n","protected":false},"author":2,"featured_media":0,"parent":0,"menu_order":0,"comment_status":"closed","ping_status":"closed","template":"","meta":{"_monsterinsights_skip_tracking":false,"_monsterinsights_sitenote_active":false,"_monsterinsights_sitenote_note":"","_monsterinsights_sitenote_category":0,"footnotes":""},"class_list":["post-3441","page","type-page","status-publish"],"aioseo_notices":[],"_links":{"self":[{"href":"https:\/\/susananavaridas.es\/index.php?rest_route=\/wp\/v2\/pages\/3441","targetHints":{"allow":["GET"]}}],"collection":[{"href":"https:\/\/susananavaridas.es\/index.php?rest_route=\/wp\/v2\/pages"}],"about":[{"href":"https:\/\/susananavaridas.es\/index.php?rest_route=\/wp\/v2\/types\/page"}],"author":[{"embeddable":true,"href":"https:\/\/susananavaridas.es\/index.php?rest_route=\/wp\/v2\/users\/2"}],"replies":[{"embeddable":true,"href":"https:\/\/susananavaridas.es\/index.php?rest_route=%2Fwp%2Fv2%2Fcomments&post=3441"}],"version-history":[{"count":162,"href":"https:\/\/susananavaridas.es\/index.php?rest_route=\/wp\/v2\/pages\/3441\/revisions"}],"predecessor-version":[{"id":5306,"href":"https:\/\/susananavaridas.es\/index.php?rest_route=\/wp\/v2\/pages\/3441\/revisions\/5306"}],"wp:attachment":[{"href":"https:\/\/susananavaridas.es\/index.php?rest_route=%2Fwp%2Fv2%2Fmedia&parent=3441"}],"curies":[{"name":"wp","href":"https:\/\/api.w.org\/{rel}","templated":true}]}}