{"id":4518,"date":"2021-06-04T11:38:28","date_gmt":"2021-06-04T10:38:28","guid":{"rendered":"https:\/\/susananavaridas.es\/?page_id=4518"},"modified":"2021-06-04T12:02:10","modified_gmt":"2021-06-04T11:02:10","slug":"lo-que-no-ves","status":"publish","type":"page","link":"https:\/\/susananavaridas.es\/?page_id=4518","title":{"rendered":"Lo que no ves"},"content":{"rendered":"\t\t<div data-elementor-type=\"wp-page\" data-elementor-id=\"4518\" class=\"elementor elementor-4518\">\n\t\t\t\t\t\t<section class=\"elementor-section elementor-top-section elementor-element elementor-element-1c5e2f9b elementor-section-boxed elementor-section-height-default elementor-section-height-default\" data-id=\"1c5e2f9b\" data-element_type=\"section\">\n\t\t\t\t\t\t<div class=\"elementor-container elementor-column-gap-default\">\n\t\t\t\t\t<div class=\"elementor-column elementor-col-100 elementor-top-column elementor-element elementor-element-12157a47\" data-id=\"12157a47\" data-element_type=\"column\">\n\t\t\t<div class=\"elementor-widget-wrap elementor-element-populated\">\n\t\t\t\t\t\t<div class=\"elementor-element elementor-element-17581dc0 elementor-widget elementor-widget-text-editor\" data-id=\"17581dc0\" data-element_type=\"widget\" data-widget_type=\"text-editor.default\">\n\t\t\t\t<div class=\"elementor-widget-container\">\n\t\t\t\t\t\t\t\t\t<p>Con motivo del A\u00f1o Internacional de la Tabla Peri\u00f3dica de los Elementos Qu\u00edmicos (2019), la Facultad de Ciencia y Tecnolog\u00eda de la Universidad de La Rioja, junto con la Consejer\u00eda de Educaci\u00f3n del Gobierno de La Rioja, ha organizado la exposici\u00f3n de Fotograf\u00eda \u2018Lo que no ves\u2019, enfocado a descubrir y a reflejar en una imagen algunos de los elementos de la Tabla Peri\u00f3dica que nos rodean y no vemos.<\/p><p>La im\u00e1genes deb\u00edan relacionar los conocimientos cient\u00edficos, particularmente en Qu\u00edmica, con la composici\u00f3n del entorno y reflejar c\u00f3mo los elementos de la Tabla Peri\u00f3dica est\u00e1n presentes, aunque no los veamos, en toda la materia que compone nuestro mundo, en nuestra vida cotidiana.<\/p>\t\t\t\t\t\t\t\t<\/div>\n\t\t\t\t<\/div>\n\t\t\t\t\t<\/div>\n\t\t<\/div>\n\t\t\t\t\t<\/div>\n\t\t<\/section>\n\t\t\t\t<section class=\"elementor-section elementor-top-section elementor-element elementor-element-3c5d2bfe elementor-section-content-middle elementor-section-boxed elementor-section-height-default elementor-section-height-default\" data-id=\"3c5d2bfe\" data-element_type=\"section\">\n\t\t\t\t\t\t<div class=\"elementor-container elementor-column-gap-no\">\n\t\t\t\t\t<div class=\"elementor-column elementor-col-50 elementor-top-column elementor-element elementor-element-6d09746a\" data-id=\"6d09746a\" data-element_type=\"column\">\n\t\t\t<div class=\"elementor-widget-wrap elementor-element-populated\">\n\t\t\t\t\t\t<div class=\"elementor-element elementor-element-677cdce elementor-widget elementor-widget-image\" data-id=\"677cdce\" data-element_type=\"widget\" data-widget_type=\"image.default\">\n\t\t\t\t<div class=\"elementor-widget-container\">\n\t\t\t\t\t\t\t\t\t\t\t\t\t\t\t<img fetchpriority=\"high\" decoding=\"async\" width=\"4645\" height=\"3097\" src=\"https:\/\/susananavaridas.es\/wp-content\/uploads\/pantone.jpg\" class=\"elementor-animation-grow attachment-full size-full wp-image-2175\" alt=\"\" srcset=\"https:\/\/susananavaridas.es\/wp-content\/uploads\/pantone.jpg 4645w, https:\/\/susananavaridas.es\/wp-content\/uploads\/pantone-300x200.jpg 300w, https:\/\/susananavaridas.es\/wp-content\/uploads\/pantone-768x512.jpg 768w, https:\/\/susananavaridas.es\/wp-content\/uploads\/pantone-1024x683.jpg 1024w\" sizes=\"(max-width: 4645px) 100vw, 4645px\" \/>\t\t\t\t\t\t\t\t\t\t\t\t\t\t\t<\/div>\n\t\t\t\t<\/div>\n\t\t\t\t<div class=\"elementor-element elementor-element-6c023f9b elementor-widget elementor-widget-text-editor\" data-id=\"6c023f9b\" data-element_type=\"widget\" data-widget_type=\"text-editor.default\">\n\t\t\t\t<div class=\"elementor-widget-container\">\n\t\t\t\t\t\t\t\t\t<p style=\"text-align: center;\">El color de la tabla<\/p>\t\t\t\t\t\t\t\t<\/div>\n\t\t\t\t<\/div>\n\t\t\t\t\t<\/div>\n\t\t<\/div>\n\t\t\t\t<div class=\"elementor-column elementor-col-50 elementor-top-column elementor-element elementor-element-1d83aa9e\" data-id=\"1d83aa9e\" data-element_type=\"column\">\n\t\t\t<div class=\"elementor-widget-wrap elementor-element-populated\">\n\t\t\t\t\t\t<div class=\"elementor-element elementor-element-7f8b9046 elementor-widget elementor-widget-text-editor\" data-id=\"7f8b9046\" data-element_type=\"widget\" data-widget_type=\"text-editor.default\">\n\t\t\t\t<div class=\"elementor-widget-container\">\n\t\t\t\t\t\t\t\t\t<p style=\"text-align: center;\">Aluminio<\/p>\t\t\t\t\t\t\t\t<\/div>\n\t\t\t\t<\/div>\n\t\t\t\t<div class=\"elementor-element elementor-element-26739637 elementor-widget elementor-widget-image\" data-id=\"26739637\" data-element_type=\"widget\" data-widget_type=\"image.default\">\n\t\t\t\t<div class=\"elementor-widget-container\">\n\t\t\t\t\t\t\t\t\t\t\t\t\t\t\t<img decoding=\"async\" width=\"3359\" height=\"5038\" src=\"https:\/\/susananavaridas.es\/wp-content\/uploads\/asfalto.jpg\" class=\"elementor-animation-grow attachment-full size-full wp-image-2174\" alt=\"\" srcset=\"https:\/\/susananavaridas.es\/wp-content\/uploads\/asfalto.jpg 3359w, https:\/\/susananavaridas.es\/wp-content\/uploads\/asfalto-200x300.jpg 200w, https:\/\/susananavaridas.es\/wp-content\/uploads\/asfalto-768x1152.jpg 768w, https:\/\/susananavaridas.es\/wp-content\/uploads\/asfalto-683x1024.jpg 683w\" sizes=\"(max-width: 3359px) 100vw, 3359px\" \/>\t\t\t\t\t\t\t\t\t\t\t\t\t\t\t<\/div>\n\t\t\t\t<\/div>\n\t\t\t\t\t<\/div>\n\t\t<\/div>\n\t\t\t\t\t<\/div>\n\t\t<\/section>\n\t\t\t\t<\/div>\n\t\t","protected":false},"excerpt":{"rendered":"<p>Con motivo del A\u00f1o Internacional de la Tabla Peri\u00f3dica de los Elementos Qu\u00edmicos (2019), la Facultad de Ciencia y Tecnolog\u00eda de la Universidad de La Rioja, junto con la Consejer\u00eda de Educaci\u00f3n del Gobierno de La Rioja, ha organizado la exposici\u00f3n de Fotograf\u00eda \u2018Lo que no ves\u2019, enfocado a descubrir y a reflejar en una &#8230; <a title=\"Lo que no ves\" class=\"read-more\" href=\"https:\/\/susananavaridas.es\/?page_id=4518\">Read more<span class=\"screen-reader-text\">Lo que no ves<\/span><\/a><\/p>\n","protected":false},"author":2,"featured_media":0,"parent":0,"menu_order":0,"comment_status":"closed","ping_status":"closed","template":"","meta":{"_monsterinsights_skip_tracking":false,"_monsterinsights_sitenote_active":false,"_monsterinsights_sitenote_note":"","_monsterinsights_sitenote_category":0,"footnotes":""},"class_list":["post-4518","page","type-page","status-publish"],"aioseo_notices":[],"_links":{"self":[{"href":"https:\/\/susananavaridas.es\/index.php?rest_route=\/wp\/v2\/pages\/4518","targetHints":{"allow":["GET"]}}],"collection":[{"href":"https:\/\/susananavaridas.es\/index.php?rest_route=\/wp\/v2\/pages"}],"about":[{"href":"https:\/\/susananavaridas.es\/index.php?rest_route=\/wp\/v2\/types\/page"}],"author":[{"embeddable":true,"href":"https:\/\/susananavaridas.es\/index.php?rest_route=\/wp\/v2\/users\/2"}],"replies":[{"embeddable":true,"href":"https:\/\/susananavaridas.es\/index.php?rest_route=%2Fwp%2Fv2%2Fcomments&post=4518"}],"version-history":[{"count":22,"href":"https:\/\/susananavaridas.es\/index.php?rest_route=\/wp\/v2\/pages\/4518\/revisions"}],"predecessor-version":[{"id":4549,"href":"https:\/\/susananavaridas.es\/index.php?rest_route=\/wp\/v2\/pages\/4518\/revisions\/4549"}],"wp:attachment":[{"href":"https:\/\/susananavaridas.es\/index.php?rest_route=%2Fwp%2Fv2%2Fmedia&parent=4518"}],"curies":[{"name":"wp","href":"https:\/\/api.w.org\/{rel}","templated":true}]}}