{"id":5287,"date":"2022-07-31T18:44:19","date_gmt":"2022-07-31T17:44:19","guid":{"rendered":"https:\/\/susananavaridas.es\/?page_id=5287"},"modified":"2022-08-02T17:11:32","modified_gmt":"2022-08-02T16:11:32","slug":"alzehimer","status":"publish","type":"page","link":"https:\/\/susananavaridas.es\/?page_id=5287","title":{"rendered":"Alzehimer"},"content":{"rendered":"<p><strong>\u00abAbandono\u00bb<\/strong> es una exposici\u00f3n fotogr\u00e1fica colectiva organizada por Riojafoto en el 2022.<\/p>\n<p>Dentro de las muchas acepciones que tiene este t\u00e9rmino, apost\u00e9 por <strong>\u00abAlzehimer\u00bb<\/strong> como un peque\u00f1o homenaje a mis abuelos Tino y Felisa. A ella porque en sus ultimos a\u00f1os de vida perdi\u00f3 la memoria y a \u00e9l por todos los momentos vividos que intent\u00f3, con mucha paciencia, hac\u00e9rselos recordar.<\/p>\n<p>Esta vez, quer\u00eda que la forma de exponer mis fotos, tuvieran relacion con el propio tema, de ahi que fuera de la siguiente manera:<\/p>\n<p><img fetchpriority=\"high\" decoding=\"async\" src=\"http:\/\/susananavaridas.es\/wp-content\/uploads\/296075312_7705450849529367_7049554887198439552_n-1024x467.jpg\" sizes=\"(max-width: 1024px) 100vw, 1024px\" srcset=\"https:\/\/susananavaridas.es\/wp-content\/uploads\/296075312_7705450849529367_7049554887198439552_n-1024x467.jpg 1024w, https:\/\/susananavaridas.es\/wp-content\/uploads\/296075312_7705450849529367_7049554887198439552_n-300x137.jpg 300w, https:\/\/susananavaridas.es\/wp-content\/uploads\/296075312_7705450849529367_7049554887198439552_n-768x350.jpg 768w, https:\/\/susananavaridas.es\/wp-content\/uploads\/296075312_7705450849529367_7049554887198439552_n-1536x700.jpg 1536w, https:\/\/susananavaridas.es\/wp-content\/uploads\/296075312_7705450849529367_7049554887198439552_n.jpg 2048w\" alt=\"\" width=\"1024\" height=\"467\" \/><\/p>\n<p>El detalle de las fotos lo puedes encontrar aqu\u00ed:<\/p>\n\n\n<figure class=\"wp-block-gallery has-nested-images columns-4 is-cropped wp-block-gallery-1 is-layout-flex wp-block-gallery-is-layout-flex\">\n<figure class=\"wp-block-image size-large\"><img decoding=\"async\" width=\"640\" height=\"427\" data-id=\"5255\" src=\"http:\/\/susananavaridas.es\/wp-content\/uploads\/MG_5603-1.jpg\" alt=\"\" class=\"wp-image-5255\" srcset=\"https:\/\/susananavaridas.es\/wp-content\/uploads\/MG_5603-1.jpg 640w, https:\/\/susananavaridas.es\/wp-content\/uploads\/MG_5603-1-300x200.jpg 300w\" sizes=\"(max-width: 640px) 100vw, 640px\" \/><\/figure>\n\n\n\n<figure class=\"wp-block-image size-large\"><img decoding=\"async\" width=\"640\" height=\"427\" data-id=\"5262\" src=\"http:\/\/susananavaridas.es\/wp-content\/uploads\/DSCF8172.jpg\" alt=\"\" class=\"wp-image-5262\" srcset=\"https:\/\/susananavaridas.es\/wp-content\/uploads\/DSCF8172.jpg 640w, https:\/\/susananavaridas.es\/wp-content\/uploads\/DSCF8172-300x200.jpg 300w\" sizes=\"(max-width: 640px) 100vw, 640px\" \/><\/figure>\n\n\n\n<figure class=\"wp-block-image size-large\"><img loading=\"lazy\" decoding=\"async\" width=\"640\" height=\"427\" data-id=\"5267\" src=\"http:\/\/susananavaridas.es\/wp-content\/uploads\/Log_070320_MG_5527.jpg\" alt=\"\" class=\"wp-image-5267\" srcset=\"https:\/\/susananavaridas.es\/wp-content\/uploads\/Log_070320_MG_5527.jpg 640w, https:\/\/susananavaridas.es\/wp-content\/uploads\/Log_070320_MG_5527-300x200.jpg 300w\" sizes=\"(max-width: 640px) 100vw, 640px\" \/><\/figure>\n\n\n\n<figure class=\"wp-block-image size-large\"><img loading=\"lazy\" decoding=\"async\" width=\"640\" height=\"427\" data-id=\"5268\" src=\"http:\/\/susananavaridas.es\/wp-content\/uploads\/DSCF9599.jpg\" alt=\"\" class=\"wp-image-5268\" srcset=\"https:\/\/susananavaridas.es\/wp-content\/uploads\/DSCF9599.jpg 640w, https:\/\/susananavaridas.es\/wp-content\/uploads\/DSCF9599-300x200.jpg 300w\" sizes=\"(max-width: 640px) 100vw, 640px\" \/><\/figure>\n\n\n\n<figure class=\"wp-block-image size-large\"><img loading=\"lazy\" decoding=\"async\" width=\"427\" height=\"640\" data-id=\"5261\" src=\"http:\/\/susananavaridas.es\/wp-content\/uploads\/DSCF8733-1.jpg\" alt=\"\" class=\"wp-image-5261\" srcset=\"https:\/\/susananavaridas.es\/wp-content\/uploads\/DSCF8733-1.jpg 427w, https:\/\/susananavaridas.es\/wp-content\/uploads\/DSCF8733-1-200x300.jpg 200w\" sizes=\"(max-width: 427px) 100vw, 427px\" \/><\/figure>\n\n\n\n<figure class=\"wp-block-image size-large\"><img loading=\"lazy\" decoding=\"async\" width=\"427\" height=\"640\" data-id=\"5266\" src=\"http:\/\/susananavaridas.es\/wp-content\/uploads\/DSCF9625.jpg\" alt=\"\" class=\"wp-image-5266\" srcset=\"https:\/\/susananavaridas.es\/wp-content\/uploads\/DSCF9625.jpg 427w, https:\/\/susananavaridas.es\/wp-content\/uploads\/DSCF9625-200x300.jpg 200w\" sizes=\"(max-width: 427px) 100vw, 427px\" \/><\/figure>\n\n\n\n<figure class=\"wp-block-image size-large\"><img loading=\"lazy\" decoding=\"async\" width=\"427\" height=\"640\" data-id=\"5264\" src=\"http:\/\/susananavaridas.es\/wp-content\/uploads\/DSCF0851.jpg\" alt=\"\" class=\"wp-image-5264\" srcset=\"https:\/\/susananavaridas.es\/wp-content\/uploads\/DSCF0851.jpg 427w, https:\/\/susananavaridas.es\/wp-content\/uploads\/DSCF0851-200x300.jpg 200w\" sizes=\"(max-width: 427px) 100vw, 427px\" \/><\/figure>\n\n\n\n<figure class=\"wp-block-image size-large\"><img loading=\"lazy\" decoding=\"async\" width=\"427\" height=\"640\" data-id=\"5263\" src=\"http:\/\/susananavaridas.es\/wp-content\/uploads\/DSCF9027.jpg\" alt=\"\" class=\"wp-image-5263\" srcset=\"https:\/\/susananavaridas.es\/wp-content\/uploads\/DSCF9027.jpg 427w, https:\/\/susananavaridas.es\/wp-content\/uploads\/DSCF9027-200x300.jpg 200w\" sizes=\"(max-width: 427px) 100vw, 427px\" \/><\/figure>\n\n\n\n<figure class=\"wp-block-image size-large\"><img loading=\"lazy\" decoding=\"async\" width=\"640\" height=\"640\" data-id=\"5260\" src=\"http:\/\/susananavaridas.es\/wp-content\/uploads\/Log_070320_MG_5417.jpg\" alt=\"\" class=\"wp-image-5260\" srcset=\"https:\/\/susananavaridas.es\/wp-content\/uploads\/Log_070320_MG_5417.jpg 640w, https:\/\/susananavaridas.es\/wp-content\/uploads\/Log_070320_MG_5417-300x300.jpg 300w, https:\/\/susananavaridas.es\/wp-content\/uploads\/Log_070320_MG_5417-150x150.jpg 150w\" sizes=\"(max-width: 640px) 100vw, 640px\" \/><\/figure>\n\n\n\n<figure class=\"wp-block-image size-large\"><img loading=\"lazy\" decoding=\"async\" width=\"640\" height=\"427\" data-id=\"5265\" src=\"http:\/\/susananavaridas.es\/wp-content\/uploads\/DSCF9222.jpg\" alt=\"\" class=\"wp-image-5265\" srcset=\"https:\/\/susananavaridas.es\/wp-content\/uploads\/DSCF9222.jpg 640w, https:\/\/susananavaridas.es\/wp-content\/uploads\/DSCF9222-300x200.jpg 300w\" sizes=\"(max-width: 640px) 100vw, 640px\" \/><\/figure>\n<\/figure>\n","protected":false},"excerpt":{"rendered":"<p>\u00abAbandono\u00bb es una exposici\u00f3n fotogr\u00e1fica colectiva organizada por Riojafoto en el 2022. Dentro de las muchas acepciones que tiene este t\u00e9rmino, apost\u00e9 por \u00abAlzehimer\u00bb como un peque\u00f1o homenaje a mis abuelos Tino y Felisa. A ella porque en sus ultimos a\u00f1os de vida perdi\u00f3 la memoria y a \u00e9l por todos los momentos vividos que &#8230; <a title=\"Alzehimer\" class=\"read-more\" href=\"https:\/\/susananavaridas.es\/?page_id=5287\">Read more<span class=\"screen-reader-text\">Alzehimer<\/span><\/a><\/p>\n","protected":false},"author":2,"featured_media":0,"parent":0,"menu_order":0,"comment_status":"closed","ping_status":"closed","template":"","meta":{"_monsterinsights_skip_tracking":false,"_monsterinsights_sitenote_active":false,"_monsterinsights_sitenote_note":"","_monsterinsights_sitenote_category":0,"footnotes":""},"class_list":["post-5287","page","type-page","status-publish"],"aioseo_notices":[],"_links":{"self":[{"href":"https:\/\/susananavaridas.es\/index.php?rest_route=\/wp\/v2\/pages\/5287","targetHints":{"allow":["GET"]}}],"collection":[{"href":"https:\/\/susananavaridas.es\/index.php?rest_route=\/wp\/v2\/pages"}],"about":[{"href":"https:\/\/susananavaridas.es\/index.php?rest_route=\/wp\/v2\/types\/page"}],"author":[{"embeddable":true,"href":"https:\/\/susananavaridas.es\/index.php?rest_route=\/wp\/v2\/users\/2"}],"replies":[{"embeddable":true,"href":"https:\/\/susananavaridas.es\/index.php?rest_route=%2Fwp%2Fv2%2Fcomments&post=5287"}],"version-history":[{"count":16,"href":"https:\/\/susananavaridas.es\/index.php?rest_route=\/wp\/v2\/pages\/5287\/revisions"}],"predecessor-version":[{"id":5327,"href":"https:\/\/susananavaridas.es\/index.php?rest_route=\/wp\/v2\/pages\/5287\/revisions\/5327"}],"wp:attachment":[{"href":"https:\/\/susananavaridas.es\/index.php?rest_route=%2Fwp%2Fv2%2Fmedia&parent=5287"}],"curies":[{"name":"wp","href":"https:\/\/api.w.org\/{rel}","templated":true}]}}