{"id":5589,"date":"2024-09-30T20:06:51","date_gmt":"2024-09-30T19:06:51","guid":{"rendered":"https:\/\/susananavaridas.es\/?page_id=5589"},"modified":"2024-09-30T20:08:42","modified_gmt":"2024-09-30T19:08:42","slug":"allabajos-2","status":"publish","type":"page","link":"https:\/\/susananavaridas.es\/?page_id=5589","title":{"rendered":"Allabajos"},"content":{"rendered":"\n<p>Mi abuelo Goyo era una persona con la que compart\u00ed mi infancia y gran parte de mi adolescencia de una manera muy cercana pese a su rigidez y patriarcado.<br><br>Tras unos meses de decadencia por su enfermedad, en el a\u00f1o 2015 falleci\u00f3, y , por circunstancias personales de manera inconsciente, no pas\u00e9 su duelo.<\/p>\n\n\n\n<p>Un a\u00f1o y medio despu\u00e9s, sent\u00ed la necesidad de visitar la casa donde \u00e9l vivi\u00f3 y que fue testigo de mis primeras ca\u00eddas en bici; un lugar que me impregnaba de olor de manzanilla y chorizo; donde mi juguete siempre era arreglado; el chirriar de los muelles de la cama de mis abuelos; los gru\u00f1idos de los cerdos era la m\u00fasica de fondo \u2026<\/p>\n\n\n\n<p>Consciente de que es en aquel momento en el que percibo su ausencia y el desgarro por su p\u00e9rdida, cuando, incapaz de verbalizar mis sentimientos, los libero a trav\u00e9s de la fotograf\u00eda.&nbsp;<\/p>\n\n\n\n<p>La soledad, la respuesta que no llega, quietud en la piedra que afila el cuchillo, un fog\u00f3n sin crepitar, una ventana cerrada que me impide o\u00edrlo al llamarme, un pimiento con sal sin compartir, un timbre que deja de sonar\u2026<\/p>\n\n\n\n<p>Su silencio lo hice m\u00edo. Lo hago nuestro.<\/p>\n\n\n\n<figure class=\"wp-block-gallery has-nested-images columns-4 is-cropped wp-block-gallery-1 is-layout-flex wp-block-gallery-is-layout-flex\">\n<figure class=\"wp-block-image size-large\"><img fetchpriority=\"high\" decoding=\"async\" width=\"683\" height=\"1024\" data-id=\"5596\" src=\"https:\/\/susananavaridas.es\/wp-content\/uploads\/DSCF8960-683x1024.jpg\" alt=\"\" class=\"wp-image-5596\" srcset=\"https:\/\/susananavaridas.es\/wp-content\/uploads\/DSCF8960-683x1024.jpg 683w, https:\/\/susananavaridas.es\/wp-content\/uploads\/DSCF8960-200x300.jpg 200w, https:\/\/susananavaridas.es\/wp-content\/uploads\/DSCF8960-768x1152.jpg 768w, https:\/\/susananavaridas.es\/wp-content\/uploads\/DSCF8960-1024x1536.jpg 1024w, https:\/\/susananavaridas.es\/wp-content\/uploads\/DSCF8960-1365x2048.jpg 1365w, https:\/\/susananavaridas.es\/wp-content\/uploads\/DSCF8960-scaled.jpg 1707w\" sizes=\"(max-width: 683px) 100vw, 683px\" \/><\/figure>\n\n\n\n<figure class=\"wp-block-image size-large\"><img decoding=\"async\" width=\"683\" height=\"1024\" data-id=\"5598\" src=\"https:\/\/susananavaridas.es\/wp-content\/uploads\/DSCF9027-1-683x1024.jpg\" alt=\"\" class=\"wp-image-5598\" srcset=\"https:\/\/susananavaridas.es\/wp-content\/uploads\/DSCF9027-1-683x1024.jpg 683w, https:\/\/susananavaridas.es\/wp-content\/uploads\/DSCF9027-1-200x300.jpg 200w, https:\/\/susananavaridas.es\/wp-content\/uploads\/DSCF9027-1-768x1152.jpg 768w, https:\/\/susananavaridas.es\/wp-content\/uploads\/DSCF9027-1-1024x1536.jpg 1024w, https:\/\/susananavaridas.es\/wp-content\/uploads\/DSCF9027-1-1365x2048.jpg 1365w, https:\/\/susananavaridas.es\/wp-content\/uploads\/DSCF9027-1-scaled.jpg 1707w\" sizes=\"(max-width: 683px) 100vw, 683px\" \/><\/figure>\n\n\n\n<figure class=\"wp-block-image size-large\"><img decoding=\"async\" width=\"683\" height=\"1024\" data-id=\"5599\" src=\"https:\/\/susananavaridas.es\/wp-content\/uploads\/DSCF8879-683x1024.jpg\" alt=\"\" class=\"wp-image-5599\" srcset=\"https:\/\/susananavaridas.es\/wp-content\/uploads\/DSCF8879-683x1024.jpg 683w, https:\/\/susananavaridas.es\/wp-content\/uploads\/DSCF8879-200x300.jpg 200w, https:\/\/susananavaridas.es\/wp-content\/uploads\/DSCF8879-768x1152.jpg 768w, https:\/\/susananavaridas.es\/wp-content\/uploads\/DSCF8879-1024x1536.jpg 1024w, https:\/\/susananavaridas.es\/wp-content\/uploads\/DSCF8879-1365x2048.jpg 1365w, https:\/\/susananavaridas.es\/wp-content\/uploads\/DSCF8879-scaled.jpg 1707w\" sizes=\"(max-width: 683px) 100vw, 683px\" \/><\/figure>\n\n\n\n<figure class=\"wp-block-image size-large\"><img loading=\"lazy\" decoding=\"async\" width=\"683\" height=\"1024\" data-id=\"2090\" src=\"https:\/\/susananavaridas.es\/wp-content\/uploads\/casabuela-_MG_9310-Editar-2-683x1024.jpg\" alt=\"\" class=\"wp-image-2090\" srcset=\"https:\/\/susananavaridas.es\/wp-content\/uploads\/casabuela-_MG_9310-Editar-2-683x1024.jpg 683w, https:\/\/susananavaridas.es\/wp-content\/uploads\/casabuela-_MG_9310-Editar-2-200x300.jpg 200w, https:\/\/susananavaridas.es\/wp-content\/uploads\/casabuela-_MG_9310-Editar-2-768x1152.jpg 768w\" sizes=\"(max-width: 683px) 100vw, 683px\" \/><\/figure>\n\n\n\n<figure class=\"wp-block-image size-large\"><img loading=\"lazy\" decoding=\"async\" width=\"683\" height=\"1024\" data-id=\"5597\" src=\"https:\/\/susananavaridas.es\/wp-content\/uploads\/DSCF8994-683x1024.jpg\" alt=\"\" class=\"wp-image-5597\" srcset=\"https:\/\/susananavaridas.es\/wp-content\/uploads\/DSCF8994-683x1024.jpg 683w, https:\/\/susananavaridas.es\/wp-content\/uploads\/DSCF8994-200x300.jpg 200w, https:\/\/susananavaridas.es\/wp-content\/uploads\/DSCF8994-768x1152.jpg 768w, https:\/\/susananavaridas.es\/wp-content\/uploads\/DSCF8994-1024x1536.jpg 1024w, https:\/\/susananavaridas.es\/wp-content\/uploads\/DSCF8994-1365x2048.jpg 1365w, https:\/\/susananavaridas.es\/wp-content\/uploads\/DSCF8994-scaled.jpg 1707w\" sizes=\"(max-width: 683px) 100vw, 683px\" \/><\/figure>\n\n\n\n<figure class=\"wp-block-image size-large\"><img loading=\"lazy\" decoding=\"async\" width=\"683\" height=\"1024\" data-id=\"5600\" src=\"https:\/\/susananavaridas.es\/wp-content\/uploads\/DSCF8928-683x1024.jpg\" alt=\"\" class=\"wp-image-5600\" srcset=\"https:\/\/susananavaridas.es\/wp-content\/uploads\/DSCF8928-683x1024.jpg 683w, https:\/\/susananavaridas.es\/wp-content\/uploads\/DSCF8928-200x300.jpg 200w, https:\/\/susananavaridas.es\/wp-content\/uploads\/DSCF8928-768x1152.jpg 768w, https:\/\/susananavaridas.es\/wp-content\/uploads\/DSCF8928-1024x1536.jpg 1024w, https:\/\/susananavaridas.es\/wp-content\/uploads\/DSCF8928-1365x2048.jpg 1365w, https:\/\/susananavaridas.es\/wp-content\/uploads\/DSCF8928-scaled.jpg 1707w\" sizes=\"(max-width: 683px) 100vw, 683px\" \/><\/figure>\n\n\n\n<figure class=\"wp-block-image size-large\"><img loading=\"lazy\" decoding=\"async\" width=\"708\" height=\"1024\" data-id=\"2120\" src=\"https:\/\/susananavaridas.es\/wp-content\/uploads\/gf_MG_9523-Editar-708x1024.jpg\" alt=\"\" class=\"wp-image-2120\" srcset=\"https:\/\/susananavaridas.es\/wp-content\/uploads\/gf_MG_9523-Editar-708x1024.jpg 708w, https:\/\/susananavaridas.es\/wp-content\/uploads\/gf_MG_9523-Editar-207x300.jpg 207w, https:\/\/susananavaridas.es\/wp-content\/uploads\/gf_MG_9523-Editar-768x1111.jpg 768w\" sizes=\"(max-width: 708px) 100vw, 708px\" \/><\/figure>\n\n\n\n<figure class=\"wp-block-image size-large\"><img loading=\"lazy\" decoding=\"async\" width=\"1024\" height=\"683\" data-id=\"2094\" src=\"https:\/\/susananavaridas.es\/wp-content\/uploads\/casabuela-_MG_9327-Editar-2-1024x683.jpg\" alt=\"\" class=\"wp-image-2094\" srcset=\"https:\/\/susananavaridas.es\/wp-content\/uploads\/casabuela-_MG_9327-Editar-2-1024x683.jpg 1024w, https:\/\/susananavaridas.es\/wp-content\/uploads\/casabuela-_MG_9327-Editar-2-300x200.jpg 300w, https:\/\/susananavaridas.es\/wp-content\/uploads\/casabuela-_MG_9327-Editar-2-768x512.jpg 768w\" sizes=\"(max-width: 1024px) 100vw, 1024px\" \/><\/figure>\n\n\n\n<figure class=\"wp-block-image size-large\"><img loading=\"lazy\" decoding=\"async\" width=\"683\" height=\"1024\" data-id=\"2085\" src=\"https:\/\/susananavaridas.es\/wp-content\/uploads\/casabuela-_MG_9224-Editar-2-683x1024.jpg\" alt=\"\" class=\"wp-image-2085\" srcset=\"https:\/\/susananavaridas.es\/wp-content\/uploads\/casabuela-_MG_9224-Editar-2-683x1024.jpg 683w, https:\/\/susananavaridas.es\/wp-content\/uploads\/casabuela-_MG_9224-Editar-2-200x300.jpg 200w, https:\/\/susananavaridas.es\/wp-content\/uploads\/casabuela-_MG_9224-Editar-2-768x1152.jpg 768w\" sizes=\"(max-width: 683px) 100vw, 683px\" \/><\/figure>\n\n\n\n<figure class=\"wp-block-image size-large\"><img loading=\"lazy\" decoding=\"async\" width=\"667\" height=\"1024\" data-id=\"5604\" src=\"https:\/\/susananavaridas.es\/wp-content\/uploads\/MG_9318-667x1024.jpg\" alt=\"\" class=\"wp-image-5604\" srcset=\"https:\/\/susananavaridas.es\/wp-content\/uploads\/MG_9318-667x1024.jpg 667w, https:\/\/susananavaridas.es\/wp-content\/uploads\/MG_9318-196x300.jpg 196w, https:\/\/susananavaridas.es\/wp-content\/uploads\/MG_9318-768x1178.jpg 768w, https:\/\/susananavaridas.es\/wp-content\/uploads\/MG_9318-1001x1536.jpg 1001w, https:\/\/susananavaridas.es\/wp-content\/uploads\/MG_9318-1335x2048.jpg 1335w, https:\/\/susananavaridas.es\/wp-content\/uploads\/MG_9318-scaled.jpg 1668w\" sizes=\"(max-width: 667px) 100vw, 667px\" \/><\/figure>\n\n\n\n<figure class=\"wp-block-image size-large\"><img loading=\"lazy\" decoding=\"async\" width=\"683\" height=\"1024\" data-id=\"5591\" src=\"https:\/\/susananavaridas.es\/wp-content\/uploads\/DSCF8876-683x1024.jpg\" alt=\"\" class=\"wp-image-5591\" srcset=\"https:\/\/susananavaridas.es\/wp-content\/uploads\/DSCF8876-683x1024.jpg 683w, https:\/\/susananavaridas.es\/wp-content\/uploads\/DSCF8876-200x300.jpg 200w, https:\/\/susananavaridas.es\/wp-content\/uploads\/DSCF8876-768x1152.jpg 768w, https:\/\/susananavaridas.es\/wp-content\/uploads\/DSCF8876-1024x1536.jpg 1024w, https:\/\/susananavaridas.es\/wp-content\/uploads\/DSCF8876-1365x2048.jpg 1365w, https:\/\/susananavaridas.es\/wp-content\/uploads\/DSCF8876-scaled.jpg 1707w\" sizes=\"(max-width: 683px) 100vw, 683px\" \/><\/figure>\n\n\n\n<figure class=\"wp-block-image size-large\"><img loading=\"lazy\" decoding=\"async\" width=\"683\" height=\"1024\" data-id=\"2113\" src=\"https:\/\/susananavaridas.es\/wp-content\/uploads\/gf_MG_9471-Editar-683x1024.jpg\" alt=\"\" class=\"wp-image-2113\" srcset=\"https:\/\/susananavaridas.es\/wp-content\/uploads\/gf_MG_9471-Editar-683x1024.jpg 683w, https:\/\/susananavaridas.es\/wp-content\/uploads\/gf_MG_9471-Editar-200x300.jpg 200w, https:\/\/susananavaridas.es\/wp-content\/uploads\/gf_MG_9471-Editar-768x1152.jpg 768w\" sizes=\"(max-width: 683px) 100vw, 683px\" \/><\/figure>\n\n\n\n<figure class=\"wp-block-image size-large\"><img loading=\"lazy\" decoding=\"async\" width=\"683\" height=\"1024\" data-id=\"5593\" src=\"https:\/\/susananavaridas.es\/wp-content\/uploads\/DSCF8899-683x1024.jpg\" alt=\"\" class=\"wp-image-5593\" srcset=\"https:\/\/susananavaridas.es\/wp-content\/uploads\/DSCF8899-683x1024.jpg 683w, https:\/\/susananavaridas.es\/wp-content\/uploads\/DSCF8899-200x300.jpg 200w, https:\/\/susananavaridas.es\/wp-content\/uploads\/DSCF8899-768x1152.jpg 768w, https:\/\/susananavaridas.es\/wp-content\/uploads\/DSCF8899-1024x1536.jpg 1024w, https:\/\/susananavaridas.es\/wp-content\/uploads\/DSCF8899-1365x2048.jpg 1365w, https:\/\/susananavaridas.es\/wp-content\/uploads\/DSCF8899-scaled.jpg 1707w\" sizes=\"(max-width: 683px) 100vw, 683px\" \/><\/figure>\n\n\n\n<figure class=\"wp-block-image size-large\"><img loading=\"lazy\" decoding=\"async\" width=\"1024\" height=\"683\" data-id=\"5592\" src=\"https:\/\/susananavaridas.es\/wp-content\/uploads\/DSCF8894-1024x683.jpg\" alt=\"\" class=\"wp-image-5592\" srcset=\"https:\/\/susananavaridas.es\/wp-content\/uploads\/DSCF8894-1024x683.jpg 1024w, https:\/\/susananavaridas.es\/wp-content\/uploads\/DSCF8894-300x200.jpg 300w, https:\/\/susananavaridas.es\/wp-content\/uploads\/DSCF8894-768x512.jpg 768w, https:\/\/susananavaridas.es\/wp-content\/uploads\/DSCF8894-1536x1024.jpg 1536w, https:\/\/susananavaridas.es\/wp-content\/uploads\/DSCF8894-2048x1365.jpg 2048w\" sizes=\"(max-width: 1024px) 100vw, 1024px\" \/><\/figure>\n\n\n\n<figure class=\"wp-block-image size-large\"><img loading=\"lazy\" decoding=\"async\" width=\"689\" height=\"1024\" data-id=\"2102\" src=\"https:\/\/susananavaridas.es\/wp-content\/uploads\/gf_MG_9369-Editar-689x1024.jpg\" alt=\"\" class=\"wp-image-2102\" srcset=\"https:\/\/susananavaridas.es\/wp-content\/uploads\/gf_MG_9369-Editar-689x1024.jpg 689w, https:\/\/susananavaridas.es\/wp-content\/uploads\/gf_MG_9369-Editar-202x300.jpg 202w, https:\/\/susananavaridas.es\/wp-content\/uploads\/gf_MG_9369-Editar-768x1141.jpg 768w\" sizes=\"(max-width: 689px) 100vw, 689px\" \/><\/figure>\n\n\n\n<figure class=\"wp-block-image size-large\"><img loading=\"lazy\" decoding=\"async\" width=\"683\" height=\"1024\" data-id=\"2082\" src=\"https:\/\/susananavaridas.es\/wp-content\/uploads\/casabuela-_MG_9196-Editar-2-683x1024.jpg\" alt=\"\" class=\"wp-image-2082\" srcset=\"https:\/\/susananavaridas.es\/wp-content\/uploads\/casabuela-_MG_9196-Editar-2-683x1024.jpg 683w, https:\/\/susananavaridas.es\/wp-content\/uploads\/casabuela-_MG_9196-Editar-2-200x300.jpg 200w, https:\/\/susananavaridas.es\/wp-content\/uploads\/casabuela-_MG_9196-Editar-2-768x1152.jpg 768w\" sizes=\"(max-width: 683px) 100vw, 683px\" \/><\/figure>\n\n\n\n<figure class=\"wp-block-image size-large\"><img loading=\"lazy\" decoding=\"async\" width=\"683\" height=\"1024\" data-id=\"2118\" src=\"https:\/\/susananavaridas.es\/wp-content\/uploads\/gf_MG_9508-Editar-2-683x1024.jpg\" alt=\"\" class=\"wp-image-2118\" srcset=\"https:\/\/susananavaridas.es\/wp-content\/uploads\/gf_MG_9508-Editar-2-683x1024.jpg 683w, https:\/\/susananavaridas.es\/wp-content\/uploads\/gf_MG_9508-Editar-2-200x300.jpg 200w, https:\/\/susananavaridas.es\/wp-content\/uploads\/gf_MG_9508-Editar-2-768x1152.jpg 768w\" sizes=\"(max-width: 683px) 100vw, 683px\" \/><\/figure>\n\n\n\n<figure class=\"wp-block-image size-large\"><img loading=\"lazy\" decoding=\"async\" width=\"683\" height=\"1024\" data-id=\"5607\" src=\"https:\/\/susananavaridas.es\/wp-content\/uploads\/DSCF8908-683x1024.jpg\" alt=\"\" class=\"wp-image-5607\" srcset=\"https:\/\/susananavaridas.es\/wp-content\/uploads\/DSCF8908-683x1024.jpg 683w, https:\/\/susananavaridas.es\/wp-content\/uploads\/DSCF8908-200x300.jpg 200w, https:\/\/susananavaridas.es\/wp-content\/uploads\/DSCF8908-768x1152.jpg 768w, https:\/\/susananavaridas.es\/wp-content\/uploads\/DSCF8908-1024x1536.jpg 1024w, https:\/\/susananavaridas.es\/wp-content\/uploads\/DSCF8908-1365x2048.jpg 1365w, https:\/\/susananavaridas.es\/wp-content\/uploads\/DSCF8908-scaled.jpg 1707w\" sizes=\"(max-width: 683px) 100vw, 683px\" \/><\/figure>\n\n\n\n<figure class=\"wp-block-image size-large\"><img loading=\"lazy\" decoding=\"async\" width=\"683\" height=\"1024\" data-id=\"5609\" src=\"https:\/\/susananavaridas.es\/wp-content\/uploads\/casabuela-_MG_9212-683x1024.jpg\" alt=\"\" class=\"wp-image-5609\" srcset=\"https:\/\/susananavaridas.es\/wp-content\/uploads\/casabuela-_MG_9212-683x1024.jpg 683w, https:\/\/susananavaridas.es\/wp-content\/uploads\/casabuela-_MG_9212-200x300.jpg 200w, https:\/\/susananavaridas.es\/wp-content\/uploads\/casabuela-_MG_9212-768x1152.jpg 768w, https:\/\/susananavaridas.es\/wp-content\/uploads\/casabuela-_MG_9212-1024x1536.jpg 1024w, https:\/\/susananavaridas.es\/wp-content\/uploads\/casabuela-_MG_9212-1365x2048.jpg 1365w, https:\/\/susananavaridas.es\/wp-content\/uploads\/casabuela-_MG_9212-scaled.jpg 1707w\" sizes=\"(max-width: 683px) 100vw, 683px\" \/><\/figure>\n\n\n\n<figure class=\"wp-block-image size-large\"><img loading=\"lazy\" decoding=\"async\" width=\"683\" height=\"1024\" data-id=\"5608\" src=\"https:\/\/susananavaridas.es\/wp-content\/uploads\/gf_MG_9407-683x1024.jpg\" alt=\"\" class=\"wp-image-5608\" srcset=\"https:\/\/susananavaridas.es\/wp-content\/uploads\/gf_MG_9407-683x1024.jpg 683w, https:\/\/susananavaridas.es\/wp-content\/uploads\/gf_MG_9407-200x300.jpg 200w, https:\/\/susananavaridas.es\/wp-content\/uploads\/gf_MG_9407-768x1152.jpg 768w, https:\/\/susananavaridas.es\/wp-content\/uploads\/gf_MG_9407-1024x1536.jpg 1024w, https:\/\/susananavaridas.es\/wp-content\/uploads\/gf_MG_9407-1365x2048.jpg 1365w, https:\/\/susananavaridas.es\/wp-content\/uploads\/gf_MG_9407-scaled.jpg 1707w\" sizes=\"(max-width: 683px) 100vw, 683px\" \/><\/figure>\n\n\n\n<figure class=\"wp-block-image size-large\"><img loading=\"lazy\" decoding=\"async\" width=\"683\" height=\"1024\" data-id=\"5590\" src=\"https:\/\/susananavaridas.es\/wp-content\/uploads\/casabuela-_MG_9247-683x1024.jpg\" alt=\"\" class=\"wp-image-5590\" srcset=\"https:\/\/susananavaridas.es\/wp-content\/uploads\/casabuela-_MG_9247-683x1024.jpg 683w, https:\/\/susananavaridas.es\/wp-content\/uploads\/casabuela-_MG_9247-200x300.jpg 200w, https:\/\/susananavaridas.es\/wp-content\/uploads\/casabuela-_MG_9247-768x1152.jpg 768w, https:\/\/susananavaridas.es\/wp-content\/uploads\/casabuela-_MG_9247-1024x1536.jpg 1024w, https:\/\/susananavaridas.es\/wp-content\/uploads\/casabuela-_MG_9247-1366x2048.jpg 1366w, https:\/\/susananavaridas.es\/wp-content\/uploads\/casabuela-_MG_9247-scaled.jpg 1707w\" sizes=\"(max-width: 683px) 100vw, 683px\" \/><\/figure>\n\n\n\n<figure class=\"wp-block-image size-large\"><img loading=\"lazy\" decoding=\"async\" width=\"683\" height=\"1024\" data-id=\"5595\" src=\"https:\/\/susananavaridas.es\/wp-content\/uploads\/DSCF8942-683x1024.jpg\" alt=\"\" class=\"wp-image-5595\" srcset=\"https:\/\/susananavaridas.es\/wp-content\/uploads\/DSCF8942-683x1024.jpg 683w, https:\/\/susananavaridas.es\/wp-content\/uploads\/DSCF8942-200x300.jpg 200w, https:\/\/susananavaridas.es\/wp-content\/uploads\/DSCF8942-768x1152.jpg 768w, https:\/\/susananavaridas.es\/wp-content\/uploads\/DSCF8942-1024x1536.jpg 1024w, https:\/\/susananavaridas.es\/wp-content\/uploads\/DSCF8942-1365x2048.jpg 1365w, https:\/\/susananavaridas.es\/wp-content\/uploads\/DSCF8942-scaled.jpg 1707w\" sizes=\"(max-width: 683px) 100vw, 683px\" \/><\/figure>\n\n\n\n<figure class=\"wp-block-image size-large\"><img loading=\"lazy\" decoding=\"async\" width=\"683\" height=\"1024\" data-id=\"2127\" src=\"https:\/\/susananavaridas.es\/wp-content\/uploads\/gf_MG_9568-Editar-1-683x1024.jpg\" alt=\"\" class=\"wp-image-2127\" srcset=\"https:\/\/susananavaridas.es\/wp-content\/uploads\/gf_MG_9568-Editar-1-683x1024.jpg 683w, https:\/\/susananavaridas.es\/wp-content\/uploads\/gf_MG_9568-Editar-1-200x300.jpg 200w, https:\/\/susananavaridas.es\/wp-content\/uploads\/gf_MG_9568-Editar-1-768x1152.jpg 768w\" sizes=\"(max-width: 683px) 100vw, 683px\" \/><\/figure>\n<\/figure>\n\n\n\n<p><\/p>\n","protected":false},"excerpt":{"rendered":"<p>Mi abuelo Goyo era una persona con la que compart\u00ed mi infancia y gran parte de mi adolescencia de una manera muy cercana pese a su rigidez y patriarcado. Tras unos meses de decadencia por su enfermedad, en el a\u00f1o 2015 falleci\u00f3, y , por circunstancias personales de manera inconsciente, no pas\u00e9 su duelo. Un &#8230; <a title=\"Allabajos\" class=\"read-more\" href=\"https:\/\/susananavaridas.es\/?page_id=5589\">Read more<span class=\"screen-reader-text\">Allabajos<\/span><\/a><\/p>\n","protected":false},"author":2,"featured_media":0,"parent":0,"menu_order":0,"comment_status":"closed","ping_status":"closed","template":"","meta":{"_monsterinsights_skip_tracking":false,"_monsterinsights_sitenote_active":false,"_monsterinsights_sitenote_note":"","_monsterinsights_sitenote_category":0,"footnotes":""},"class_list":["post-5589","page","type-page","status-publish"],"aioseo_notices":[],"_links":{"self":[{"href":"https:\/\/susananavaridas.es\/index.php?rest_route=\/wp\/v2\/pages\/5589","targetHints":{"allow":["GET"]}}],"collection":[{"href":"https:\/\/susananavaridas.es\/index.php?rest_route=\/wp\/v2\/pages"}],"about":[{"href":"https:\/\/susananavaridas.es\/index.php?rest_route=\/wp\/v2\/types\/page"}],"author":[{"embeddable":true,"href":"https:\/\/susananavaridas.es\/index.php?rest_route=\/wp\/v2\/users\/2"}],"replies":[{"embeddable":true,"href":"https:\/\/susananavaridas.es\/index.php?rest_route=%2Fwp%2Fv2%2Fcomments&post=5589"}],"version-history":[{"count":10,"href":"https:\/\/susananavaridas.es\/index.php?rest_route=\/wp\/v2\/pages\/5589\/revisions"}],"predecessor-version":[{"id":5616,"href":"https:\/\/susananavaridas.es\/index.php?rest_route=\/wp\/v2\/pages\/5589\/revisions\/5616"}],"wp:attachment":[{"href":"https:\/\/susananavaridas.es\/index.php?rest_route=%2Fwp%2Fv2%2Fmedia&parent=5589"}],"curies":[{"name":"wp","href":"https:\/\/api.w.org\/{rel}","templated":true}]}}