{"id":5638,"date":"2024-10-18T08:37:58","date_gmt":"2024-10-18T07:37:58","guid":{"rendered":"https:\/\/susananavaridas.es\/?page_id=5638"},"modified":"2024-10-18T08:39:32","modified_gmt":"2024-10-18T07:39:32","slug":"link","status":"publish","type":"page","link":"https:\/\/susananavaridas.es\/?page_id=5638","title":{"rendered":"Link"},"content":{"rendered":"\n<p><em>Link:<\/em>. Punto donde se realiza el enlace (conexi\u00f3n, uni\u00f3n) entre aparatos o sistemas.<\/p>\n\n\n\n<p>Las redes inform\u00e1ticas son un conjunto de dispositivos (servidores, routers, ordenadores\u2026) conectados entre s\u00ed, que permiten el intercambio de informaci\u00f3n y recursos. Facilitan la comunicaci\u00f3n y mejoran la eficiencia operativa de las organizaciones.<br>En esencia, una red inform\u00e1tica es la columna vertebral de la comunicaci\u00f3n digital en cualquier entorno.<\/p>\n\n\n\n<p>Trasladando este concepto a una organizaci\u00f3n empresarial, el principal pilar de \u00e9stas es tratar de conocer a las personas, usar su potencial, conectarse y asumir la actitud necesaria para ser un nodo m\u00e1s en la red, estar disponible para intercambiar informaci\u00f3n con los dem\u00e1s y trabajar juntos.<\/p>\n\n\n\n<p>Las personas nos vemos envueltas en un complejo tejido de interrelaciones laborales que tienden a estabilizarse. Sin embargo, los v\u00ednculos son fr\u00e1giles y pueden verse comprometidos por m\u00faltiples factores.<br>La inclusi\u00f3n de nuevos integrantes en el equipo de trabajo provoca que los nexos entre los miembros ya existentes se vean afectados.<\/p>\n\n\n\n<p>Este contexto sumado al estr\u00e9s, necesidades cambiantes de la organizaci\u00f3n, dificultad de adaptaci\u00f3n, roles que no se asumen, falta de motivaci\u00f3n, mala comunicaci\u00f3n, escasez de tiempo\u2026 provocan ruptura, confusi\u00f3n y enredo en las relaciones.<br>Esa fisura origina malestar en las ramas que conforman la estructura, generando angustia, frustraci\u00f3n, irritabilidad, fricci\u00f3n entre los compa\u00f1eros\u2026<\/p>\n\n\n\n<p>El cometido del responsable es que la personalidad individualidad se difumine para crear una amalgama entre \u201cel yo y el grupo que va conmigo\u201d; donde es vital el acople mutuo de las partes implicadas, no dejando a componentes aislados.<\/p>\n\n\n\n<p>En definitiva, regenerar la convivencia y alianzas para que prime la consonancia, fluidez y claridad.<\/p>\n\n\n\n<figure class=\"wp-block-gallery has-nested-images columns-2 is-cropped wp-block-gallery-1 is-layout-flex wp-block-gallery-is-layout-flex\">\n<figure class=\"wp-block-image size-large\"><img fetchpriority=\"high\" decoding=\"async\" width=\"1024\" height=\"682\" data-id=\"5337\" src=\"https:\/\/susananavaridas.es\/wp-content\/uploads\/susana-navaridas-rizoma-1-1024x682.jpg\" alt=\"\" class=\"wp-image-5337\" srcset=\"https:\/\/susananavaridas.es\/wp-content\/uploads\/susana-navaridas-rizoma-1-1024x682.jpg 1024w, https:\/\/susananavaridas.es\/wp-content\/uploads\/susana-navaridas-rizoma-1-300x200.jpg 300w, https:\/\/susananavaridas.es\/wp-content\/uploads\/susana-navaridas-rizoma-1-768x512.jpg 768w, https:\/\/susananavaridas.es\/wp-content\/uploads\/susana-navaridas-rizoma-1-1536x1024.jpg 1536w, https:\/\/susananavaridas.es\/wp-content\/uploads\/susana-navaridas-rizoma-1.jpg 2000w\" sizes=\"(max-width: 1024px) 100vw, 1024px\" \/><\/figure>\n\n\n\n<figure class=\"wp-block-image size-large\"><img decoding=\"async\" width=\"1024\" height=\"682\" data-id=\"5345\" src=\"https:\/\/susananavaridas.es\/wp-content\/uploads\/susana-navaridas-rizoma-2-1024x682.jpg\" alt=\"\" class=\"wp-image-5345\" srcset=\"https:\/\/susananavaridas.es\/wp-content\/uploads\/susana-navaridas-rizoma-2-1024x682.jpg 1024w, https:\/\/susananavaridas.es\/wp-content\/uploads\/susana-navaridas-rizoma-2-300x200.jpg 300w, https:\/\/susananavaridas.es\/wp-content\/uploads\/susana-navaridas-rizoma-2-768x512.jpg 768w, https:\/\/susananavaridas.es\/wp-content\/uploads\/susana-navaridas-rizoma-2-1536x1024.jpg 1536w, https:\/\/susananavaridas.es\/wp-content\/uploads\/susana-navaridas-rizoma-2.jpg 2000w\" sizes=\"(max-width: 1024px) 100vw, 1024px\" \/><\/figure>\n\n\n\n<figure class=\"wp-block-image size-large\"><img decoding=\"async\" width=\"1024\" height=\"682\" data-id=\"5346\" src=\"https:\/\/susananavaridas.es\/wp-content\/uploads\/susana-navaridas-rizoma-3-1024x682.jpg\" alt=\"\" class=\"wp-image-5346\" srcset=\"https:\/\/susananavaridas.es\/wp-content\/uploads\/susana-navaridas-rizoma-3-1024x682.jpg 1024w, https:\/\/susananavaridas.es\/wp-content\/uploads\/susana-navaridas-rizoma-3-300x200.jpg 300w, https:\/\/susananavaridas.es\/wp-content\/uploads\/susana-navaridas-rizoma-3-768x512.jpg 768w, https:\/\/susananavaridas.es\/wp-content\/uploads\/susana-navaridas-rizoma-3-1536x1024.jpg 1536w, https:\/\/susananavaridas.es\/wp-content\/uploads\/susana-navaridas-rizoma-3.jpg 2000w\" sizes=\"(max-width: 1024px) 100vw, 1024px\" \/><\/figure>\n\n\n\n<figure class=\"wp-block-image size-large\"><img loading=\"lazy\" decoding=\"async\" width=\"1024\" height=\"682\" data-id=\"5347\" src=\"https:\/\/susananavaridas.es\/wp-content\/uploads\/susana-navaridas-rizoma-4-1024x682.jpg\" alt=\"\" class=\"wp-image-5347\" srcset=\"https:\/\/susananavaridas.es\/wp-content\/uploads\/susana-navaridas-rizoma-4-1024x682.jpg 1024w, https:\/\/susananavaridas.es\/wp-content\/uploads\/susana-navaridas-rizoma-4-300x200.jpg 300w, https:\/\/susananavaridas.es\/wp-content\/uploads\/susana-navaridas-rizoma-4-768x512.jpg 768w, https:\/\/susananavaridas.es\/wp-content\/uploads\/susana-navaridas-rizoma-4-1536x1024.jpg 1536w, https:\/\/susananavaridas.es\/wp-content\/uploads\/susana-navaridas-rizoma-4.jpg 2000w\" sizes=\"(max-width: 1024px) 100vw, 1024px\" \/><\/figure>\n\n\n\n<figure class=\"wp-block-image size-large\"><img loading=\"lazy\" decoding=\"async\" width=\"1024\" height=\"682\" data-id=\"5348\" src=\"https:\/\/susananavaridas.es\/wp-content\/uploads\/susana-navaridas-rizoma-5-1024x682.jpg\" alt=\"\" class=\"wp-image-5348\" srcset=\"https:\/\/susananavaridas.es\/wp-content\/uploads\/susana-navaridas-rizoma-5-1024x682.jpg 1024w, https:\/\/susananavaridas.es\/wp-content\/uploads\/susana-navaridas-rizoma-5-300x200.jpg 300w, https:\/\/susananavaridas.es\/wp-content\/uploads\/susana-navaridas-rizoma-5-768x512.jpg 768w, https:\/\/susananavaridas.es\/wp-content\/uploads\/susana-navaridas-rizoma-5-1536x1024.jpg 1536w, https:\/\/susananavaridas.es\/wp-content\/uploads\/susana-navaridas-rizoma-5.jpg 2000w\" sizes=\"(max-width: 1024px) 100vw, 1024px\" \/><\/figure>\n\n\n\n<figure class=\"wp-block-image size-large\"><img loading=\"lazy\" decoding=\"async\" width=\"1024\" height=\"682\" data-id=\"5349\" src=\"https:\/\/susananavaridas.es\/wp-content\/uploads\/susana-navaridas-rizoma-6-1024x682.jpg\" alt=\"\" class=\"wp-image-5349\" srcset=\"https:\/\/susananavaridas.es\/wp-content\/uploads\/susana-navaridas-rizoma-6-1024x682.jpg 1024w, https:\/\/susananavaridas.es\/wp-content\/uploads\/susana-navaridas-rizoma-6-300x200.jpg 300w, https:\/\/susananavaridas.es\/wp-content\/uploads\/susana-navaridas-rizoma-6-768x512.jpg 768w, https:\/\/susananavaridas.es\/wp-content\/uploads\/susana-navaridas-rizoma-6-1536x1024.jpg 1536w, https:\/\/susananavaridas.es\/wp-content\/uploads\/susana-navaridas-rizoma-6.jpg 2000w\" sizes=\"(max-width: 1024px) 100vw, 1024px\" \/><\/figure>\n\n\n\n<figure class=\"wp-block-image size-large\"><img loading=\"lazy\" decoding=\"async\" width=\"1024\" height=\"682\" data-id=\"5350\" src=\"https:\/\/susananavaridas.es\/wp-content\/uploads\/susana-navaridas-rizoma-7-1024x682.jpg\" alt=\"\" class=\"wp-image-5350\" srcset=\"https:\/\/susananavaridas.es\/wp-content\/uploads\/susana-navaridas-rizoma-7-1024x682.jpg 1024w, https:\/\/susananavaridas.es\/wp-content\/uploads\/susana-navaridas-rizoma-7-300x200.jpg 300w, https:\/\/susananavaridas.es\/wp-content\/uploads\/susana-navaridas-rizoma-7-768x512.jpg 768w, https:\/\/susananavaridas.es\/wp-content\/uploads\/susana-navaridas-rizoma-7-1536x1024.jpg 1536w, https:\/\/susananavaridas.es\/wp-content\/uploads\/susana-navaridas-rizoma-7.jpg 2000w\" sizes=\"(max-width: 1024px) 100vw, 1024px\" \/><\/figure>\n\n\n\n<figure class=\"wp-block-image size-large\"><img loading=\"lazy\" decoding=\"async\" width=\"1024\" height=\"682\" data-id=\"5351\" src=\"https:\/\/susananavaridas.es\/wp-content\/uploads\/susana-navaridas-rizoma-8-1024x682.jpg\" alt=\"\" class=\"wp-image-5351\" srcset=\"https:\/\/susananavaridas.es\/wp-content\/uploads\/susana-navaridas-rizoma-8-1024x682.jpg 1024w, https:\/\/susananavaridas.es\/wp-content\/uploads\/susana-navaridas-rizoma-8-300x200.jpg 300w, https:\/\/susananavaridas.es\/wp-content\/uploads\/susana-navaridas-rizoma-8-768x512.jpg 768w, https:\/\/susananavaridas.es\/wp-content\/uploads\/susana-navaridas-rizoma-8-1536x1024.jpg 1536w, https:\/\/susananavaridas.es\/wp-content\/uploads\/susana-navaridas-rizoma-8.jpg 2000w\" sizes=\"(max-width: 1024px) 100vw, 1024px\" \/><\/figure>\n\n\n\n<figure class=\"wp-block-image size-large\"><img loading=\"lazy\" decoding=\"async\" width=\"1024\" height=\"682\" data-id=\"5352\" src=\"https:\/\/susananavaridas.es\/wp-content\/uploads\/susana-navaridas-rizoma-9-1024x682.jpg\" alt=\"\" class=\"wp-image-5352\" srcset=\"https:\/\/susananavaridas.es\/wp-content\/uploads\/susana-navaridas-rizoma-9-1024x682.jpg 1024w, https:\/\/susananavaridas.es\/wp-content\/uploads\/susana-navaridas-rizoma-9-300x200.jpg 300w, https:\/\/susananavaridas.es\/wp-content\/uploads\/susana-navaridas-rizoma-9-768x512.jpg 768w, https:\/\/susananavaridas.es\/wp-content\/uploads\/susana-navaridas-rizoma-9-1536x1024.jpg 1536w, https:\/\/susananavaridas.es\/wp-content\/uploads\/susana-navaridas-rizoma-9.jpg 2000w\" sizes=\"(max-width: 1024px) 100vw, 1024px\" \/><\/figure>\n\n\n\n<figure class=\"wp-block-image size-large\"><img loading=\"lazy\" decoding=\"async\" width=\"1024\" height=\"682\" data-id=\"5353\" src=\"https:\/\/susananavaridas.es\/wp-content\/uploads\/susana-navaridas-rizoma-10-1024x682.jpg\" alt=\"\" class=\"wp-image-5353\" srcset=\"https:\/\/susananavaridas.es\/wp-content\/uploads\/susana-navaridas-rizoma-10-1024x682.jpg 1024w, https:\/\/susananavaridas.es\/wp-content\/uploads\/susana-navaridas-rizoma-10-300x200.jpg 300w, https:\/\/susananavaridas.es\/wp-content\/uploads\/susana-navaridas-rizoma-10-768x512.jpg 768w, https:\/\/susananavaridas.es\/wp-content\/uploads\/susana-navaridas-rizoma-10-1536x1024.jpg 1536w, https:\/\/susananavaridas.es\/wp-content\/uploads\/susana-navaridas-rizoma-10.jpg 2000w\" sizes=\"(max-width: 1024px) 100vw, 1024px\" \/><\/figure>\n\n\n\n<figure class=\"wp-block-image size-large\"><img loading=\"lazy\" decoding=\"async\" width=\"1024\" height=\"682\" data-id=\"5354\" src=\"https:\/\/susananavaridas.es\/wp-content\/uploads\/susana-navaridas-rizoma-11-1024x682.jpg\" alt=\"\" class=\"wp-image-5354\" srcset=\"https:\/\/susananavaridas.es\/wp-content\/uploads\/susana-navaridas-rizoma-11-1024x682.jpg 1024w, https:\/\/susananavaridas.es\/wp-content\/uploads\/susana-navaridas-rizoma-11-300x200.jpg 300w, https:\/\/susananavaridas.es\/wp-content\/uploads\/susana-navaridas-rizoma-11-768x512.jpg 768w, https:\/\/susananavaridas.es\/wp-content\/uploads\/susana-navaridas-rizoma-11-1536x1024.jpg 1536w, https:\/\/susananavaridas.es\/wp-content\/uploads\/susana-navaridas-rizoma-11.jpg 2000w\" sizes=\"(max-width: 1024px) 100vw, 1024px\" \/><\/figure>\n\n\n\n<figure class=\"wp-block-image size-large\"><img loading=\"lazy\" decoding=\"async\" width=\"1024\" height=\"682\" data-id=\"5355\" src=\"https:\/\/susananavaridas.es\/wp-content\/uploads\/susana-navaridas-rizoma-12-1024x682.jpg\" alt=\"\" class=\"wp-image-5355\" srcset=\"https:\/\/susananavaridas.es\/wp-content\/uploads\/susana-navaridas-rizoma-12-1024x682.jpg 1024w, https:\/\/susananavaridas.es\/wp-content\/uploads\/susana-navaridas-rizoma-12-300x200.jpg 300w, https:\/\/susananavaridas.es\/wp-content\/uploads\/susana-navaridas-rizoma-12-768x512.jpg 768w, https:\/\/susananavaridas.es\/wp-content\/uploads\/susana-navaridas-rizoma-12-1536x1024.jpg 1536w, https:\/\/susananavaridas.es\/wp-content\/uploads\/susana-navaridas-rizoma-12.jpg 2000w\" sizes=\"(max-width: 1024px) 100vw, 1024px\" \/><\/figure>\n\n\n\n<figure class=\"wp-block-image size-large\"><img loading=\"lazy\" decoding=\"async\" width=\"1024\" height=\"682\" data-id=\"5356\" src=\"https:\/\/susananavaridas.es\/wp-content\/uploads\/susana-navaridas-rizoma-13-1024x682.jpg\" alt=\"\" class=\"wp-image-5356\" srcset=\"https:\/\/susananavaridas.es\/wp-content\/uploads\/susana-navaridas-rizoma-13-1024x682.jpg 1024w, https:\/\/susananavaridas.es\/wp-content\/uploads\/susana-navaridas-rizoma-13-300x200.jpg 300w, https:\/\/susananavaridas.es\/wp-content\/uploads\/susana-navaridas-rizoma-13-768x512.jpg 768w, https:\/\/susananavaridas.es\/wp-content\/uploads\/susana-navaridas-rizoma-13-1536x1024.jpg 1536w, https:\/\/susananavaridas.es\/wp-content\/uploads\/susana-navaridas-rizoma-13.jpg 2000w\" sizes=\"(max-width: 1024px) 100vw, 1024px\" \/><\/figure>\n\n\n\n<figure class=\"wp-block-image size-large\"><img loading=\"lazy\" decoding=\"async\" width=\"1024\" height=\"682\" data-id=\"5357\" src=\"https:\/\/susananavaridas.es\/wp-content\/uploads\/susana-navaridas-rizoma-14-1024x682.jpg\" alt=\"\" class=\"wp-image-5357\" srcset=\"https:\/\/susananavaridas.es\/wp-content\/uploads\/susana-navaridas-rizoma-14-1024x682.jpg 1024w, https:\/\/susananavaridas.es\/wp-content\/uploads\/susana-navaridas-rizoma-14-300x200.jpg 300w, https:\/\/susananavaridas.es\/wp-content\/uploads\/susana-navaridas-rizoma-14-768x512.jpg 768w, https:\/\/susananavaridas.es\/wp-content\/uploads\/susana-navaridas-rizoma-14-1536x1024.jpg 1536w, https:\/\/susananavaridas.es\/wp-content\/uploads\/susana-navaridas-rizoma-14.jpg 2000w\" sizes=\"(max-width: 1024px) 100vw, 1024px\" \/><\/figure>\n\n\n\n<figure class=\"wp-block-image size-large\"><img loading=\"lazy\" decoding=\"async\" width=\"1024\" height=\"682\" data-id=\"5358\" src=\"https:\/\/susananavaridas.es\/wp-content\/uploads\/susana-navaridas-rizoma-15-1024x682.jpg\" alt=\"\" class=\"wp-image-5358\" srcset=\"https:\/\/susananavaridas.es\/wp-content\/uploads\/susana-navaridas-rizoma-15-1024x682.jpg 1024w, https:\/\/susananavaridas.es\/wp-content\/uploads\/susana-navaridas-rizoma-15-300x200.jpg 300w, https:\/\/susananavaridas.es\/wp-content\/uploads\/susana-navaridas-rizoma-15-768x512.jpg 768w, https:\/\/susananavaridas.es\/wp-content\/uploads\/susana-navaridas-rizoma-15-1536x1024.jpg 1536w, https:\/\/susananavaridas.es\/wp-content\/uploads\/susana-navaridas-rizoma-15.jpg 2000w\" sizes=\"(max-width: 1024px) 100vw, 1024px\" \/><\/figure>\n\n\n\n<figure class=\"wp-block-image size-large\"><img loading=\"lazy\" decoding=\"async\" width=\"1024\" height=\"682\" data-id=\"5359\" src=\"https:\/\/susananavaridas.es\/wp-content\/uploads\/susana-navaridas-rizoma-16-1024x682.jpg\" alt=\"\" class=\"wp-image-5359\" srcset=\"https:\/\/susananavaridas.es\/wp-content\/uploads\/susana-navaridas-rizoma-16-1024x682.jpg 1024w, https:\/\/susananavaridas.es\/wp-content\/uploads\/susana-navaridas-rizoma-16-300x200.jpg 300w, https:\/\/susananavaridas.es\/wp-content\/uploads\/susana-navaridas-rizoma-16-768x512.jpg 768w, https:\/\/susananavaridas.es\/wp-content\/uploads\/susana-navaridas-rizoma-16-1536x1024.jpg 1536w, https:\/\/susananavaridas.es\/wp-content\/uploads\/susana-navaridas-rizoma-16.jpg 2000w\" sizes=\"(max-width: 1024px) 100vw, 1024px\" \/><\/figure>\n\n\n\n<figure class=\"wp-block-image size-large\"><img loading=\"lazy\" decoding=\"async\" width=\"1024\" height=\"682\" data-id=\"5360\" src=\"https:\/\/susananavaridas.es\/wp-content\/uploads\/susana-navaridas-rizoma-17-1024x682.jpg\" alt=\"\" class=\"wp-image-5360\" srcset=\"https:\/\/susananavaridas.es\/wp-content\/uploads\/susana-navaridas-rizoma-17-1024x682.jpg 1024w, https:\/\/susananavaridas.es\/wp-content\/uploads\/susana-navaridas-rizoma-17-300x200.jpg 300w, https:\/\/susananavaridas.es\/wp-content\/uploads\/susana-navaridas-rizoma-17-768x512.jpg 768w, https:\/\/susananavaridas.es\/wp-content\/uploads\/susana-navaridas-rizoma-17-1536x1024.jpg 1536w, https:\/\/susananavaridas.es\/wp-content\/uploads\/susana-navaridas-rizoma-17.jpg 2000w\" sizes=\"(max-width: 1024px) 100vw, 1024px\" \/><\/figure>\n\n\n\n<figure class=\"wp-block-image size-large\"><img loading=\"lazy\" decoding=\"async\" width=\"1024\" height=\"682\" data-id=\"5361\" src=\"https:\/\/susananavaridas.es\/wp-content\/uploads\/susana-navaridas-rizoma-18-1024x682.jpg\" alt=\"\" class=\"wp-image-5361\" srcset=\"https:\/\/susananavaridas.es\/wp-content\/uploads\/susana-navaridas-rizoma-18-1024x682.jpg 1024w, https:\/\/susananavaridas.es\/wp-content\/uploads\/susana-navaridas-rizoma-18-300x200.jpg 300w, https:\/\/susananavaridas.es\/wp-content\/uploads\/susana-navaridas-rizoma-18-768x512.jpg 768w, https:\/\/susananavaridas.es\/wp-content\/uploads\/susana-navaridas-rizoma-18-1536x1024.jpg 1536w, https:\/\/susananavaridas.es\/wp-content\/uploads\/susana-navaridas-rizoma-18.jpg 2000w\" sizes=\"(max-width: 1024px) 100vw, 1024px\" \/><\/figure>\n\n\n\n<figure class=\"wp-block-image size-large\"><img loading=\"lazy\" decoding=\"async\" width=\"1024\" height=\"682\" data-id=\"5362\" src=\"https:\/\/susananavaridas.es\/wp-content\/uploads\/susana-navaridas-rizoma-19-1024x682.jpg\" alt=\"\" class=\"wp-image-5362\" srcset=\"https:\/\/susananavaridas.es\/wp-content\/uploads\/susana-navaridas-rizoma-19-1024x682.jpg 1024w, https:\/\/susananavaridas.es\/wp-content\/uploads\/susana-navaridas-rizoma-19-300x200.jpg 300w, https:\/\/susananavaridas.es\/wp-content\/uploads\/susana-navaridas-rizoma-19-768x512.jpg 768w, https:\/\/susananavaridas.es\/wp-content\/uploads\/susana-navaridas-rizoma-19-1536x1024.jpg 1536w, https:\/\/susananavaridas.es\/wp-content\/uploads\/susana-navaridas-rizoma-19.jpg 2000w\" sizes=\"(max-width: 1024px) 100vw, 1024px\" \/><\/figure>\n\n\n\n<figure class=\"wp-block-image size-large\"><img loading=\"lazy\" decoding=\"async\" width=\"1024\" height=\"682\" data-id=\"5363\" src=\"https:\/\/susananavaridas.es\/wp-content\/uploads\/susana-navaridas-rizoma-20-1024x682.jpg\" alt=\"\" class=\"wp-image-5363\" srcset=\"https:\/\/susananavaridas.es\/wp-content\/uploads\/susana-navaridas-rizoma-20-1024x682.jpg 1024w, https:\/\/susananavaridas.es\/wp-content\/uploads\/susana-navaridas-rizoma-20-300x200.jpg 300w, https:\/\/susananavaridas.es\/wp-content\/uploads\/susana-navaridas-rizoma-20-768x512.jpg 768w, https:\/\/susananavaridas.es\/wp-content\/uploads\/susana-navaridas-rizoma-20-1536x1024.jpg 1536w, https:\/\/susananavaridas.es\/wp-content\/uploads\/susana-navaridas-rizoma-20.jpg 2000w\" sizes=\"(max-width: 1024px) 100vw, 1024px\" \/><\/figure>\n<\/figure>\n","protected":false},"excerpt":{"rendered":"<p>Link:. Punto donde se realiza el enlace (conexi\u00f3n, uni\u00f3n) entre aparatos o sistemas. Las redes inform\u00e1ticas son un conjunto de dispositivos (servidores, routers, ordenadores\u2026) conectados entre s\u00ed, que permiten el intercambio de informaci\u00f3n y recursos. Facilitan la comunicaci\u00f3n y mejoran la eficiencia operativa de las organizaciones.En esencia, una red inform\u00e1tica es la columna vertebral de &#8230; <a title=\"Link\" class=\"read-more\" href=\"https:\/\/susananavaridas.es\/?page_id=5638\">Read more<span class=\"screen-reader-text\">Link<\/span><\/a><\/p>\n","protected":false},"author":2,"featured_media":0,"parent":0,"menu_order":0,"comment_status":"closed","ping_status":"closed","template":"","meta":{"_monsterinsights_skip_tracking":false,"_monsterinsights_sitenote_active":false,"_monsterinsights_sitenote_note":"","_monsterinsights_sitenote_category":0,"footnotes":""},"class_list":["post-5638","page","type-page","status-publish"],"aioseo_notices":[],"_links":{"self":[{"href":"https:\/\/susananavaridas.es\/index.php?rest_route=\/wp\/v2\/pages\/5638","targetHints":{"allow":["GET"]}}],"collection":[{"href":"https:\/\/susananavaridas.es\/index.php?rest_route=\/wp\/v2\/pages"}],"about":[{"href":"https:\/\/susananavaridas.es\/index.php?rest_route=\/wp\/v2\/types\/page"}],"author":[{"embeddable":true,"href":"https:\/\/susananavaridas.es\/index.php?rest_route=\/wp\/v2\/users\/2"}],"replies":[{"embeddable":true,"href":"https:\/\/susananavaridas.es\/index.php?rest_route=%2Fwp%2Fv2%2Fcomments&post=5638"}],"version-history":[{"count":5,"href":"https:\/\/susananavaridas.es\/index.php?rest_route=\/wp\/v2\/pages\/5638\/revisions"}],"predecessor-version":[{"id":5644,"href":"https:\/\/susananavaridas.es\/index.php?rest_route=\/wp\/v2\/pages\/5638\/revisions\/5644"}],"wp:attachment":[{"href":"https:\/\/susananavaridas.es\/index.php?rest_route=%2Fwp%2Fv2%2Fmedia&parent=5638"}],"curies":[{"name":"wp","href":"https:\/\/api.w.org\/{rel}","templated":true}]}}