{"id":5652,"date":"2025-05-14T12:12:27","date_gmt":"2025-05-14T11:12:27","guid":{"rendered":"https:\/\/susananavaridas.es\/?page_id=5652"},"modified":"2025-05-14T12:30:37","modified_gmt":"2025-05-14T11:30:37","slug":"reinas","status":"publish","type":"page","link":"https:\/\/susananavaridas.es\/?page_id=5652","title":{"rendered":"Reinas"},"content":{"rendered":"\n<p>La Reina Isabel II afirm\u00f3 que no se sent\u00eda bien vestida sin sus bolsos, los consideraba como una prolongaci\u00f3n de s\u00ed misma y jam\u00e1s se separaba de ellos, no por necesidad, sino por costumbre, por lenguaje secreto\u2026<br>Mov\u00eda el bolso de una mano a otra y el mundo lo entend\u00eda: una se\u00f1al para irse, para quedarse, para cambiar el ritmo de lo que pasaba.<\/p>\n\n\n\n<p><\/p>\n\n\n\n<p>Este trabajo parte de ah\u00ed, de esa an\u00e9cdota que se vuelve s\u00edmbolo. Y observa, sin prisa, c\u00f3mo otras mujeres tambi\u00e9n llevan el suyo.<br>Son bolsos grandes, peque\u00f1os, coloridos, discretos\u2026<\/p>\n\n\n\n<p>Manos que cargan un bolso que no solo lo sostienen: lo protegen, lo abrazan, lo sujetan con firmeza, lo dejan caer casi con desd\u00e9n o incluso los cuelgan como un objeto cotidiano;&nbsp; cuerpos que avanzan: \u00bfsolo con el peso del bolso? \u00bfde la responsabilidad?, \u00bfdel cuidado? &#8230;; se\u00f1as que se repiten sin saber por qu\u00e9.<br>En este gesto cotidiano a menudo invisible, autom\u00e1tico, heredado hay una coreograf\u00eda \u00edntima que revela m\u00e1s de lo que parece (o tal vez no).<br><\/p>\n\n\n\n<figure class=\"wp-block-gallery has-nested-images columns-4 is-cropped wp-block-gallery-1 is-layout-flex wp-block-gallery-is-layout-flex\">\n<figure class=\"wp-block-image size-large\"><img fetchpriority=\"high\" decoding=\"async\" width=\"427\" height=\"640\" data-id=\"5702\" src=\"https:\/\/susananavaridas.es\/wp-content\/uploads\/DSCF3406-1.jpg\" alt=\"\" class=\"wp-image-5702\" srcset=\"https:\/\/susananavaridas.es\/wp-content\/uploads\/DSCF3406-1.jpg 427w, https:\/\/susananavaridas.es\/wp-content\/uploads\/DSCF3406-1-200x300.jpg 200w\" sizes=\"(max-width: 427px) 100vw, 427px\" \/><\/figure>\n\n\n\n<figure class=\"wp-block-image size-large\"><img decoding=\"async\" width=\"427\" height=\"640\" data-id=\"5717\" src=\"https:\/\/susananavaridas.es\/wp-content\/uploads\/X-T2653.jpg\" alt=\"\" class=\"wp-image-5717\" srcset=\"https:\/\/susananavaridas.es\/wp-content\/uploads\/X-T2653.jpg 427w, https:\/\/susananavaridas.es\/wp-content\/uploads\/X-T2653-200x300.jpg 200w\" sizes=\"(max-width: 427px) 100vw, 427px\" \/><\/figure>\n\n\n\n<figure class=\"wp-block-image size-large\"><img decoding=\"async\" width=\"427\" height=\"640\" data-id=\"5708\" src=\"https:\/\/susananavaridas.es\/wp-content\/uploads\/DSCF4212.jpg\" alt=\"\" class=\"wp-image-5708\" srcset=\"https:\/\/susananavaridas.es\/wp-content\/uploads\/DSCF4212.jpg 427w, https:\/\/susananavaridas.es\/wp-content\/uploads\/DSCF4212-200x300.jpg 200w\" sizes=\"(max-width: 427px) 100vw, 427px\" \/><\/figure>\n\n\n\n<figure class=\"wp-block-image size-large\"><img loading=\"lazy\" decoding=\"async\" width=\"427\" height=\"640\" data-id=\"5707\" src=\"https:\/\/susananavaridas.es\/wp-content\/uploads\/DSCF3532.jpg\" alt=\"\" class=\"wp-image-5707\" srcset=\"https:\/\/susananavaridas.es\/wp-content\/uploads\/DSCF3532.jpg 427w, https:\/\/susananavaridas.es\/wp-content\/uploads\/DSCF3532-200x300.jpg 200w\" sizes=\"(max-width: 427px) 100vw, 427px\" \/><\/figure>\n\n\n\n<figure class=\"wp-block-image size-large\"><img loading=\"lazy\" decoding=\"async\" width=\"427\" height=\"640\" data-id=\"5704\" src=\"https:\/\/susananavaridas.es\/wp-content\/uploads\/DSCF3461.jpg\" alt=\"\" class=\"wp-image-5704\" srcset=\"https:\/\/susananavaridas.es\/wp-content\/uploads\/DSCF3461.jpg 427w, https:\/\/susananavaridas.es\/wp-content\/uploads\/DSCF3461-200x300.jpg 200w\" sizes=\"(max-width: 427px) 100vw, 427px\" \/><\/figure>\n\n\n\n<figure class=\"wp-block-image size-large\"><img loading=\"lazy\" decoding=\"async\" width=\"427\" height=\"640\" data-id=\"5719\" src=\"https:\/\/susananavaridas.es\/wp-content\/uploads\/X-T2952.jpg\" alt=\"\" class=\"wp-image-5719\" srcset=\"https:\/\/susananavaridas.es\/wp-content\/uploads\/X-T2952.jpg 427w, https:\/\/susananavaridas.es\/wp-content\/uploads\/X-T2952-200x300.jpg 200w\" sizes=\"(max-width: 427px) 100vw, 427px\" \/><\/figure>\n\n\n\n<figure class=\"wp-block-image size-large\"><img loading=\"lazy\" decoding=\"async\" width=\"427\" height=\"640\" data-id=\"5720\" src=\"https:\/\/susananavaridas.es\/wp-content\/uploads\/X-T21027.jpg\" alt=\"\" class=\"wp-image-5720\" srcset=\"https:\/\/susananavaridas.es\/wp-content\/uploads\/X-T21027.jpg 427w, https:\/\/susananavaridas.es\/wp-content\/uploads\/X-T21027-200x300.jpg 200w\" sizes=\"(max-width: 427px) 100vw, 427px\" \/><\/figure>\n\n\n\n<figure class=\"wp-block-image size-large\"><img loading=\"lazy\" decoding=\"async\" width=\"427\" height=\"640\" data-id=\"5718\" src=\"https:\/\/susananavaridas.es\/wp-content\/uploads\/X-T2942.jpg\" alt=\"\" class=\"wp-image-5718\" srcset=\"https:\/\/susananavaridas.es\/wp-content\/uploads\/X-T2942.jpg 427w, https:\/\/susananavaridas.es\/wp-content\/uploads\/X-T2942-200x300.jpg 200w\" sizes=\"(max-width: 427px) 100vw, 427px\" \/><\/figure>\n\n\n\n<figure class=\"wp-block-image size-large\"><img loading=\"lazy\" decoding=\"async\" width=\"427\" height=\"640\" data-id=\"5728\" src=\"https:\/\/susananavaridas.es\/wp-content\/uploads\/X-T22442.jpg\" alt=\"\" class=\"wp-image-5728\" srcset=\"https:\/\/susananavaridas.es\/wp-content\/uploads\/X-T22442.jpg 427w, https:\/\/susananavaridas.es\/wp-content\/uploads\/X-T22442-200x300.jpg 200w\" sizes=\"(max-width: 427px) 100vw, 427px\" \/><\/figure>\n\n\n\n<figure class=\"wp-block-image size-large\"><img loading=\"lazy\" decoding=\"async\" width=\"427\" height=\"640\" data-id=\"5716\" src=\"https:\/\/susananavaridas.es\/wp-content\/uploads\/X-T2648.jpg\" alt=\"\" class=\"wp-image-5716\" srcset=\"https:\/\/susananavaridas.es\/wp-content\/uploads\/X-T2648.jpg 427w, https:\/\/susananavaridas.es\/wp-content\/uploads\/X-T2648-200x300.jpg 200w\" sizes=\"(max-width: 427px) 100vw, 427px\" \/><\/figure>\n\n\n\n<figure class=\"wp-block-image size-large\"><img loading=\"lazy\" decoding=\"async\" width=\"427\" height=\"640\" data-id=\"5725\" src=\"https:\/\/susananavaridas.es\/wp-content\/uploads\/X-T22320.jpg\" alt=\"\" class=\"wp-image-5725\" srcset=\"https:\/\/susananavaridas.es\/wp-content\/uploads\/X-T22320.jpg 427w, https:\/\/susananavaridas.es\/wp-content\/uploads\/X-T22320-200x300.jpg 200w\" sizes=\"(max-width: 427px) 100vw, 427px\" \/><\/figure>\n\n\n\n<figure class=\"wp-block-image size-large\"><img loading=\"lazy\" decoding=\"async\" width=\"427\" height=\"640\" data-id=\"5701\" src=\"https:\/\/susananavaridas.es\/wp-content\/uploads\/DSF8290.jpg\" alt=\"\" class=\"wp-image-5701\" srcset=\"https:\/\/susananavaridas.es\/wp-content\/uploads\/DSF8290.jpg 427w, https:\/\/susananavaridas.es\/wp-content\/uploads\/DSF8290-200x300.jpg 200w\" sizes=\"(max-width: 427px) 100vw, 427px\" \/><\/figure>\n\n\n\n<figure class=\"wp-block-image size-large\"><img loading=\"lazy\" decoding=\"async\" width=\"427\" height=\"640\" data-id=\"5703\" src=\"https:\/\/susananavaridas.es\/wp-content\/uploads\/DSCF3447.jpg\" alt=\"\" class=\"wp-image-5703\" srcset=\"https:\/\/susananavaridas.es\/wp-content\/uploads\/DSCF3447.jpg 427w, https:\/\/susananavaridas.es\/wp-content\/uploads\/DSCF3447-200x300.jpg 200w\" sizes=\"(max-width: 427px) 100vw, 427px\" \/><\/figure>\n\n\n\n<figure class=\"wp-block-image size-large\"><img loading=\"lazy\" decoding=\"async\" width=\"427\" height=\"640\" data-id=\"5696\" src=\"https:\/\/susananavaridas.es\/wp-content\/uploads\/DSF8191.jpg\" alt=\"\" class=\"wp-image-5696\" srcset=\"https:\/\/susananavaridas.es\/wp-content\/uploads\/DSF8191.jpg 427w, https:\/\/susananavaridas.es\/wp-content\/uploads\/DSF8191-200x300.jpg 200w\" sizes=\"(max-width: 427px) 100vw, 427px\" \/><\/figure>\n\n\n\n<figure class=\"wp-block-image size-large\"><img loading=\"lazy\" decoding=\"async\" width=\"427\" height=\"640\" data-id=\"5723\" src=\"https:\/\/susananavaridas.es\/wp-content\/uploads\/X-T21118.jpg\" alt=\"\" class=\"wp-image-5723\" srcset=\"https:\/\/susananavaridas.es\/wp-content\/uploads\/X-T21118.jpg 427w, https:\/\/susananavaridas.es\/wp-content\/uploads\/X-T21118-200x300.jpg 200w\" sizes=\"(max-width: 427px) 100vw, 427px\" \/><\/figure>\n\n\n\n<figure class=\"wp-block-image size-large\"><img loading=\"lazy\" decoding=\"async\" width=\"427\" height=\"640\" data-id=\"5726\" src=\"https:\/\/susananavaridas.es\/wp-content\/uploads\/X-T22327.jpg\" alt=\"\" class=\"wp-image-5726\" srcset=\"https:\/\/susananavaridas.es\/wp-content\/uploads\/X-T22327.jpg 427w, https:\/\/susananavaridas.es\/wp-content\/uploads\/X-T22327-200x300.jpg 200w\" sizes=\"(max-width: 427px) 100vw, 427px\" \/><\/figure>\n\n\n\n<figure class=\"wp-block-image size-large\"><img loading=\"lazy\" decoding=\"async\" width=\"427\" height=\"640\" data-id=\"5714\" src=\"https:\/\/susananavaridas.es\/wp-content\/uploads\/DSCF5355.jpg\" alt=\"\" class=\"wp-image-5714\" srcset=\"https:\/\/susananavaridas.es\/wp-content\/uploads\/DSCF5355.jpg 427w, https:\/\/susananavaridas.es\/wp-content\/uploads\/DSCF5355-200x300.jpg 200w\" sizes=\"(max-width: 427px) 100vw, 427px\" \/><\/figure>\n\n\n\n<figure class=\"wp-block-image size-large\"><img loading=\"lazy\" decoding=\"async\" width=\"427\" height=\"640\" data-id=\"5713\" src=\"https:\/\/susananavaridas.es\/wp-content\/uploads\/DSCF5307.jpg\" alt=\"\" class=\"wp-image-5713\" srcset=\"https:\/\/susananavaridas.es\/wp-content\/uploads\/DSCF5307.jpg 427w, https:\/\/susananavaridas.es\/wp-content\/uploads\/DSCF5307-200x300.jpg 200w\" sizes=\"(max-width: 427px) 100vw, 427px\" \/><\/figure>\n\n\n\n<figure class=\"wp-block-image size-large\"><img loading=\"lazy\" decoding=\"async\" width=\"427\" height=\"640\" data-id=\"5712\" src=\"https:\/\/susananavaridas.es\/wp-content\/uploads\/DSCF5238.jpg\" alt=\"\" class=\"wp-image-5712\" srcset=\"https:\/\/susananavaridas.es\/wp-content\/uploads\/DSCF5238.jpg 427w, https:\/\/susananavaridas.es\/wp-content\/uploads\/DSCF5238-200x300.jpg 200w\" sizes=\"(max-width: 427px) 100vw, 427px\" \/><\/figure>\n\n\n\n<figure class=\"wp-block-image size-large\"><img loading=\"lazy\" decoding=\"async\" width=\"427\" height=\"640\" data-id=\"5697\" src=\"https:\/\/susananavaridas.es\/wp-content\/uploads\/DSF8210.jpg\" alt=\"\" class=\"wp-image-5697\" srcset=\"https:\/\/susananavaridas.es\/wp-content\/uploads\/DSF8210.jpg 427w, https:\/\/susananavaridas.es\/wp-content\/uploads\/DSF8210-200x300.jpg 200w\" sizes=\"(max-width: 427px) 100vw, 427px\" \/><\/figure>\n\n\n\n<figure class=\"wp-block-image size-large\"><img loading=\"lazy\" decoding=\"async\" width=\"427\" height=\"640\" data-id=\"5727\" src=\"https:\/\/susananavaridas.es\/wp-content\/uploads\/X-T22394.jpg\" alt=\"\" class=\"wp-image-5727\" srcset=\"https:\/\/susananavaridas.es\/wp-content\/uploads\/X-T22394.jpg 427w, https:\/\/susananavaridas.es\/wp-content\/uploads\/X-T22394-200x300.jpg 200w\" sizes=\"(max-width: 427px) 100vw, 427px\" \/><\/figure>\n\n\n\n<figure class=\"wp-block-image size-large\"><img loading=\"lazy\" decoding=\"async\" width=\"427\" height=\"640\" data-id=\"5721\" src=\"https:\/\/susananavaridas.es\/wp-content\/uploads\/X-T21062.jpg\" alt=\"\" class=\"wp-image-5721\" srcset=\"https:\/\/susananavaridas.es\/wp-content\/uploads\/X-T21062.jpg 427w, https:\/\/susananavaridas.es\/wp-content\/uploads\/X-T21062-200x300.jpg 200w\" sizes=\"(max-width: 427px) 100vw, 427px\" \/><\/figure>\n\n\n\n<figure class=\"wp-block-image size-large\"><img loading=\"lazy\" decoding=\"async\" width=\"427\" height=\"640\" data-id=\"5724\" src=\"https:\/\/susananavaridas.es\/wp-content\/uploads\/X-T22308.jpg\" alt=\"\" class=\"wp-image-5724\" srcset=\"https:\/\/susananavaridas.es\/wp-content\/uploads\/X-T22308.jpg 427w, https:\/\/susananavaridas.es\/wp-content\/uploads\/X-T22308-200x300.jpg 200w\" sizes=\"(max-width: 427px) 100vw, 427px\" \/><\/figure>\n\n\n\n<figure class=\"wp-block-image size-large\"><img loading=\"lazy\" decoding=\"async\" width=\"427\" height=\"640\" data-id=\"5706\" src=\"https:\/\/susananavaridas.es\/wp-content\/uploads\/DSCF3526.jpg\" alt=\"\" class=\"wp-image-5706\" srcset=\"https:\/\/susananavaridas.es\/wp-content\/uploads\/DSCF3526.jpg 427w, https:\/\/susananavaridas.es\/wp-content\/uploads\/DSCF3526-200x300.jpg 200w\" sizes=\"(max-width: 427px) 100vw, 427px\" \/><\/figure>\n\n\n\n<figure class=\"wp-block-image size-large\"><img loading=\"lazy\" decoding=\"async\" width=\"427\" height=\"640\" data-id=\"5698\" src=\"https:\/\/susananavaridas.es\/wp-content\/uploads\/DSF8215.jpg\" alt=\"\" class=\"wp-image-5698\" srcset=\"https:\/\/susananavaridas.es\/wp-content\/uploads\/DSF8215.jpg 427w, https:\/\/susananavaridas.es\/wp-content\/uploads\/DSF8215-200x300.jpg 200w\" sizes=\"(max-width: 427px) 100vw, 427px\" \/><\/figure>\n\n\n\n<figure class=\"wp-block-image size-large\"><img loading=\"lazy\" decoding=\"async\" width=\"427\" height=\"640\" data-id=\"5722\" src=\"https:\/\/susananavaridas.es\/wp-content\/uploads\/X-T21063.jpg\" alt=\"\" class=\"wp-image-5722\" srcset=\"https:\/\/susananavaridas.es\/wp-content\/uploads\/X-T21063.jpg 427w, https:\/\/susananavaridas.es\/wp-content\/uploads\/X-T21063-200x300.jpg 200w\" sizes=\"(max-width: 427px) 100vw, 427px\" \/><\/figure>\n\n\n\n<figure class=\"wp-block-image size-large\"><img loading=\"lazy\" decoding=\"async\" width=\"427\" height=\"640\" data-id=\"5705\" src=\"https:\/\/susananavaridas.es\/wp-content\/uploads\/DSCF3499.jpg\" alt=\"\" class=\"wp-image-5705\" srcset=\"https:\/\/susananavaridas.es\/wp-content\/uploads\/DSCF3499.jpg 427w, https:\/\/susananavaridas.es\/wp-content\/uploads\/DSCF3499-200x300.jpg 200w\" sizes=\"(max-width: 427px) 100vw, 427px\" \/><\/figure>\n\n\n\n<figure class=\"wp-block-image size-large\"><img loading=\"lazy\" decoding=\"async\" width=\"427\" height=\"640\" data-id=\"5711\" src=\"https:\/\/susananavaridas.es\/wp-content\/uploads\/DSCF5053.jpg\" alt=\"\" class=\"wp-image-5711\" srcset=\"https:\/\/susananavaridas.es\/wp-content\/uploads\/DSCF5053.jpg 427w, https:\/\/susananavaridas.es\/wp-content\/uploads\/DSCF5053-200x300.jpg 200w\" sizes=\"(max-width: 427px) 100vw, 427px\" \/><\/figure>\n\n\n\n<figure class=\"wp-block-image size-large\"><img loading=\"lazy\" decoding=\"async\" width=\"427\" height=\"640\" data-id=\"5699\" src=\"https:\/\/susananavaridas.es\/wp-content\/uploads\/DSF8221.jpg\" alt=\"\" class=\"wp-image-5699\" srcset=\"https:\/\/susananavaridas.es\/wp-content\/uploads\/DSF8221.jpg 427w, https:\/\/susananavaridas.es\/wp-content\/uploads\/DSF8221-200x300.jpg 200w\" sizes=\"(max-width: 427px) 100vw, 427px\" \/><\/figure>\n\n\n\n<figure class=\"wp-block-image size-large\"><img loading=\"lazy\" decoding=\"async\" width=\"427\" height=\"640\" data-id=\"5715\" src=\"https:\/\/susananavaridas.es\/wp-content\/uploads\/X-T2417.jpg\" alt=\"\" class=\"wp-image-5715\" srcset=\"https:\/\/susananavaridas.es\/wp-content\/uploads\/X-T2417.jpg 427w, https:\/\/susananavaridas.es\/wp-content\/uploads\/X-T2417-200x300.jpg 200w\" sizes=\"(max-width: 427px) 100vw, 427px\" \/><\/figure>\n\n\n\n<figure class=\"wp-block-image size-large\"><img loading=\"lazy\" decoding=\"async\" width=\"427\" height=\"640\" data-id=\"5709\" src=\"https:\/\/susananavaridas.es\/wp-content\/uploads\/DSCF4244.jpg\" alt=\"\" class=\"wp-image-5709\" srcset=\"https:\/\/susananavaridas.es\/wp-content\/uploads\/DSCF4244.jpg 427w, https:\/\/susananavaridas.es\/wp-content\/uploads\/DSCF4244-200x300.jpg 200w\" sizes=\"(max-width: 427px) 100vw, 427px\" \/><\/figure>\n\n\n\n<figure class=\"wp-block-image size-large\"><img loading=\"lazy\" decoding=\"async\" width=\"427\" height=\"640\" data-id=\"5710\" src=\"https:\/\/susananavaridas.es\/wp-content\/uploads\/DSCF5014.jpg\" alt=\"\" class=\"wp-image-5710\" srcset=\"https:\/\/susananavaridas.es\/wp-content\/uploads\/DSCF5014.jpg 427w, https:\/\/susananavaridas.es\/wp-content\/uploads\/DSCF5014-200x300.jpg 200w\" sizes=\"(max-width: 427px) 100vw, 427px\" \/><\/figure>\n\n\n\n<figure class=\"wp-block-image size-large\"><img loading=\"lazy\" decoding=\"async\" width=\"427\" height=\"640\" data-id=\"5700\" src=\"https:\/\/susananavaridas.es\/wp-content\/uploads\/DSF8237.jpg\" alt=\"\" class=\"wp-image-5700\" srcset=\"https:\/\/susananavaridas.es\/wp-content\/uploads\/DSF8237.jpg 427w, https:\/\/susananavaridas.es\/wp-content\/uploads\/DSF8237-200x300.jpg 200w\" sizes=\"(max-width: 427px) 100vw, 427px\" \/><\/figure>\n<\/figure>\n","protected":false},"excerpt":{"rendered":"<p>La Reina Isabel II afirm\u00f3 que no se sent\u00eda bien vestida sin sus bolsos, los consideraba como una prolongaci\u00f3n de s\u00ed misma y jam\u00e1s se separaba de ellos, no por necesidad, sino por costumbre, por lenguaje secreto\u2026Mov\u00eda el bolso de una mano a otra y el mundo lo entend\u00eda: una se\u00f1al para irse, para quedarse, &#8230; <a title=\"Reinas\" class=\"read-more\" href=\"https:\/\/susananavaridas.es\/?page_id=5652\">Read more<span class=\"screen-reader-text\">Reinas<\/span><\/a><\/p>\n","protected":false},"author":2,"featured_media":0,"parent":0,"menu_order":0,"comment_status":"closed","ping_status":"closed","template":"","meta":{"_monsterinsights_skip_tracking":false,"_monsterinsights_sitenote_active":false,"_monsterinsights_sitenote_note":"","_monsterinsights_sitenote_category":0,"footnotes":""},"class_list":["post-5652","page","type-page","status-publish"],"aioseo_notices":[],"_links":{"self":[{"href":"https:\/\/susananavaridas.es\/index.php?rest_route=\/wp\/v2\/pages\/5652","targetHints":{"allow":["GET"]}}],"collection":[{"href":"https:\/\/susananavaridas.es\/index.php?rest_route=\/wp\/v2\/pages"}],"about":[{"href":"https:\/\/susananavaridas.es\/index.php?rest_route=\/wp\/v2\/types\/page"}],"author":[{"embeddable":true,"href":"https:\/\/susananavaridas.es\/index.php?rest_route=\/wp\/v2\/users\/2"}],"replies":[{"embeddable":true,"href":"https:\/\/susananavaridas.es\/index.php?rest_route=%2Fwp%2Fv2%2Fcomments&post=5652"}],"version-history":[{"count":9,"href":"https:\/\/susananavaridas.es\/index.php?rest_route=\/wp\/v2\/pages\/5652\/revisions"}],"predecessor-version":[{"id":5737,"href":"https:\/\/susananavaridas.es\/index.php?rest_route=\/wp\/v2\/pages\/5652\/revisions\/5737"}],"wp:attachment":[{"href":"https:\/\/susananavaridas.es\/index.php?rest_route=%2Fwp%2Fv2%2Fmedia&parent=5652"}],"curies":[{"name":"wp","href":"https:\/\/api.w.org\/{rel}","templated":true}]}}